{"id":18322,"date":"2026-04-08T12:42:05","date_gmt":"2026-04-08T10:42:05","guid":{"rendered":"https:\/\/lavoieduplaisir.com\/formation-de-massage-professionnelle-certifiante-developper-une-pratique-alignee-intime-et-enveloppante\/"},"modified":"2026-04-13T13:26:23","modified_gmt":"2026-04-13T11:26:23","slug":"formation-de-massage-professionnelle-certifiante-developper-une-pratique-alignee-intime-et-enveloppante","status":"publish","type":"page","link":"https:\/\/lavoieduplaisir.com\/nl\/formation-de-massage-professionnelle-certifiante-developper-une-pratique-alignee-intime-et-enveloppante\/","title":{"rendered":"Opleiding tantrische massage: een certificeringscursus voor de juiste begeleiding"},"content":{"rendered":"<p>[et_pb_section fb_built=&#8221;1&#8243; _builder_version=&#8221;4.27.6&#8243; _module_preset=&#8221;default&#8221; global_colors_info=&#8221;{}&#8221;][et_pb_row _builder_version=&#8221;4.27.6&#8243; _module_preset=&#8221;default&#8221; global_colors_info=&#8221;{}&#8221;][et_pb_column type=&#8221;4_4&#8243; _builder_version=&#8221;4.27.6&#8243; _module_preset=&#8221;default&#8221; global_colors_info=&#8221;{}&#8221;][et_pb_text _builder_version=&#8221;4.27.6&#8243; _module_preset=&#8221;default&#8221; global_colors_info=&#8221;{}&#8221;]<\/p>\n<h1>Formation au massage tantrique : un parcours certifiant pour accompagner avec justesse<\/h1>\n<p>[\/et_pb_text][\/et_pb_column][\/et_pb_row][et_pb_row column_structure=&#8221;3_5,2_5&#8243; _builder_version=&#8221;4.27.6&#8243; _module_preset=&#8221;default&#8221; global_colors_info=&#8221;{}&#8221;][et_pb_column type=&#8221;3_5&#8243; _builder_version=&#8221;4.27.6&#8243; _module_preset=&#8221;default&#8221; global_colors_info=&#8221;{}&#8221;][et_pb_text _builder_version=&#8221;4.27.6&#8243; _module_preset=&#8221;default&#8221; global_colors_info=&#8221;{}&#8221;]<\/p>\n<h2 data-start=\"387\" data-end=\"465\"><strong>Formation de massage tantrique professionnelle : d\u00e9velopper une pratique align\u00e9e, humaine et structur\u00e9e<\/strong><\/h2>\n<p data-start=\"228\" data-end=\"316\">De nombreuses personnes ressentent aujourd\u2019hui l\u2019\u00e9lan de <a href=\"https:\/\/lavoieduplaisir.com\/formation-massage-tantrique\/\">se former au massage tantrique<\/a>.<\/p>\n<p data-start=\"318\" data-end=\"633\">Certain\u00b7es sont d\u00e9j\u00e0 masseur\u00b7euses ou praticien\u00b7nes et souhaitent affiner leur toucher, enrichir leurs protocoles et approfondir leur approche du massage intime.<br data-start=\"479\" data-end=\"482\" \/>D\u2019autres ressentent un appel \u00e0 se r\u00e9orienter, pour se rapprocher de l\u2019humain, accompagner l\u2019intimit\u00e9 et donner du sens \u00e0 leur activit\u00e9 professionnelle.<\/p>\n<p data-start=\"635\" data-end=\"696\">Cette formation de massage tantrique r\u00e9pond \u00e0 ces deux \u00e9lans.<\/p>\n<p data-start=\"698\" data-end=\"865\">Elle propose un cadre clair, progressif et professionnalisant, pour d\u00e9velopper une <a href=\"https:\/\/lavoieduplaisir.com\/nl\/massage-tantrique-a-liege-et-soin-energetique\/\">pratique du massage rituel tantrique<\/a> \u00e0 la fois sensible, structur\u00e9e et respectueuse.<\/p>\n<p>[\/et_pb_text][\/et_pb_column][et_pb_column type=&#8221;2_5&#8243; _builder_version=&#8221;4.27.6&#8243; _module_preset=&#8221;default&#8221; global_colors_info=&#8221;{}&#8221;][et_pb_video src=&#8221;https:\/\/vimeo.com\/1181145669&#8243; _builder_version=&#8221;4.27.6&#8243; _module_preset=&#8221;default&#8221; global_colors_info=&#8221;{}&#8221;][\/et_pb_video][\/et_pb_column][\/et_pb_row][et_pb_row column_structure=&#8221;2_5,3_5&#8243; _builder_version=&#8221;4.27.6&#8243; _module_preset=&#8221;default&#8221; global_colors_info=&#8221;{}&#8221;][et_pb_column type=&#8221;2_5&#8243; _builder_version=&#8221;4.27.6&#8243; _module_preset=&#8221;default&#8221; global_colors_info=&#8221;{}&#8221;][et_pb_video src=&#8221;https:\/\/vimeo.com\/1182175947&#8243; _builder_version=&#8221;4.27.6&#8243; _module_preset=&#8221;default&#8221; hover_enabled=&#8221;0&#8243; sticky_enabled=&#8221;0&#8243;][\/et_pb_video][\/et_pb_column][et_pb_column type=&#8221;3_5&#8243; _builder_version=&#8221;4.27.6&#8243; _module_preset=&#8221;default&#8221; global_colors_info=&#8221;{}&#8221;][et_pb_text _builder_version=&#8221;4.27.6&#8243; _module_preset=&#8221;default&#8221; global_colors_info=&#8221;{}&#8221;]<\/p>\n<h3 data-start=\"945\" data-end=\"1020\"><strong data-start=\"945\" data-end=\"1020\">Une formation de massage tantrique orient\u00e9e cadre, posture et qualit\u00e9 de pr\u00e9sence<\/strong><\/h3>\n<p data-start=\"963\" data-end=\"1078\">Au-del\u00e0 des techniques, cette formation met l\u2019accent sur des \u00e9l\u00e9ments essentiels pour accompagner dans l\u2019intimit\u00e9 :<\/p>\n<p data-start=\"1080\" data-end=\"1463\">\u2014 poser <a href=\"https:\/\/lavoieduplaisir.com\/comment-choisir-votre-praticien%c2%b7ne-de-massage-tantrique\/#frame\">un cadre professionnel clair et respectueux<\/a><br data-start=\"1131\" data-end=\"1134\" \/>\u2014 cr\u00e9er un espace prot\u00e9g\u00e9 autour de la sexualit\u00e9 et de l\u2019intimit\u00e9<br data-start=\"1199\" data-end=\"1202\" \/>\u2014 d\u00e9velopper une qualit\u00e9 de toucher fine, lente et consciente<br data-start=\"1263\" data-end=\"1266\" \/>\u2014 apprendre des protocoles complets de massage rituel tantrique<br data-start=\"1329\" data-end=\"1332\" \/>\u2014 affiner la communication autour du consentement et des limites<br data-start=\"1396\" data-end=\"1399\" \/>\u2014 accompagner l\u2019\u00e9nergie sexuelle avec pr\u00e9sence et discernement<\/p>\n<p data-start=\"1465\" data-end=\"1599\">Vous apprenez \u00e0 proposer un <a href=\"https:\/\/lavoieduplaisir.com\/nl\/massage-tantrique-a-liege-et-soin-energetique\/\">massage tantrique<\/a>, <a href=\"https:\/\/lavoieduplaisir.com\/nl\/guide-initiatique-du-massage-de-la-yoni\/\">un massage yoni<\/a> ou un massage lingam dans un cadre juste, professionnel et respectueux.<\/p>\n<p data-start=\"1601\" data-end=\"1671\">Une approche qui relie le corps, l\u2019intimit\u00e9, la relation et l\u2019\u00e9nergie.<\/p>\n<p>[\/et_pb_text][et_pb_button button_url=&#8221;https:\/\/lavoieduplaisir.com\/formation-massage-tantrique\/#prix&#8221; button_text=&#8221;d\u00e9couvrir les tarifs&#8221; _builder_version=&#8221;4.27.6&#8243; _module_preset=&#8221;default&#8221; global_colors_info=&#8221;{}&#8221;][\/et_pb_button][\/et_pb_column][\/et_pb_row][et_pb_row _builder_version=&#8221;4.27.6&#8243; _module_preset=&#8221;default&#8221; global_colors_info=&#8221;{}&#8221;][et_pb_column type=&#8221;4_4&#8243; _builder_version=&#8221;4.27.6&#8243; _module_preset=&#8221;default&#8221; global_colors_info=&#8221;{}&#8221;][et_pb_text _builder_version=&#8221;4.27.6&#8243; _module_preset=&#8221;default&#8221; global_colors_info=&#8221;{}&#8221;]<\/p>\n<p data-start=\"1520\" data-end=\"1591\"><strong data-start=\"1520\" data-end=\"1591\">Un parcours certifiant pour construire une pratique professionnelle en massage tantrique<\/strong><\/p>\n<p data-start=\"1757\" data-end=\"1828\">La formation est construite comme un v\u00e9ritable parcours professionnel :<\/p>\n<p data-start=\"1830\" data-end=\"2151\">\u2014 apprentissage d\u2019un protocole complet de massage tantrique (Module 1)<br data-start=\"1900\" data-end=\"1903\" \/>\u2014 approfondissement du cadre, de la posture et du massage intime (Module 2)<br data-start=\"1978\" data-end=\"1981\" \/>\u2014 pratique personnelle avec retours \u00e9crits (10 \u00e0 20 massages r\u00e9alis\u00e9s)<br data-start=\"2051\" data-end=\"2054\" \/>\u2014 supervisions individuelles pour affiner votre pratique<br data-start=\"2110\" data-end=\"2113\" \/>\u2014 \u00e9valuation finale et certification<\/p>\n<p data-start=\"2153\" data-end=\"2304\">Cette formation certifiante en massage tantrique vous permet de devenir masseur ou masseuse et d\u2019int\u00e9grer ces outils dans une activit\u00e9 professionnelle.<\/p>\n<p>[\/et_pb_text][\/et_pb_column][\/et_pb_row][et_pb_row column_structure=&#8221;3_5,2_5&#8243; _builder_version=&#8221;4.27.6&#8243; _module_preset=&#8221;default&#8221; global_colors_info=&#8221;{}&#8221;][et_pb_column type=&#8221;3_5&#8243; _builder_version=&#8221;4.27.6&#8243; _module_preset=&#8221;default&#8221; global_colors_info=&#8221;{}&#8221;][et_pb_text _builder_version=&#8221;4.27.6&#8243; _module_preset=&#8221;default&#8221; global_colors_info=&#8221;{}&#8221;]<\/p>\n<p data-start=\"2029\" data-end=\"2097\"><strong data-start=\"2029\" data-end=\"2097\">Une formation en massage tantrique adapt\u00e9e aux professionnel\u00b7les et aux reconversions<\/strong><\/p>\n<p data-start=\"2406\" data-end=\"2433\">Cette formation s\u2019adresse :<\/p>\n<p data-start=\"2435\" data-end=\"2715\">\u2014 aux masseur\u00b7euses souhaitant enrichir leur pratique du massage<br data-start=\"2499\" data-end=\"2502\" \/>\u2014 aux professionnel\u00b7les de l\u2019accompagnement (coach, th\u00e9rapeutes\u2026)<br data-start=\"2567\" data-end=\"2570\" \/>\u2014 aux personnes en reconversion vers un m\u00e9tier centr\u00e9 sur le corps et l\u2019intimit\u00e9<br data-start=\"2650\" data-end=\"2653\" \/>\u2014 \u00e0 toute personne souhaitant se former au massage tantrique<\/p>\n<p data-start=\"2717\" data-end=\"2750\">Aucun pr\u00e9requis n\u2019est n\u00e9cessaire.<\/p>\n<p data-start=\"2752\" data-end=\"2809\">Le contenu s\u2019adapte \u00e0 votre niveau et \u00e0 votre exp\u00e9rience.<\/p>\n<p>[\/et_pb_text][et_pb_button button_url=&#8221;https:\/\/lavoieduplaisir.com\/formation-massage-tantrique\/&#8221; button_text=&#8221;En savoir plus&#8221; _builder_version=&#8221;4.27.6&#8243; _module_preset=&#8221;default&#8221; global_colors_info=&#8221;{}&#8221;][\/et_pb_button][\/et_pb_column][et_pb_column type=&#8221;2_5&#8243; _builder_version=&#8221;4.27.6&#8243; _module_preset=&#8221;default&#8221; global_colors_info=&#8221;{}&#8221;][et_pb_image src=&#8221;https:\/\/lavoieduplaisir.com\/wp-content\/uploads\/2025\/03\/Une-formation-de-massage-tantrique-qui-masse-le-dos.jpg&#8221; alt=&#8221;Une formation de massage tantrique qui masse le dos&#8221; title_text=&#8221;Une formation de massage tantrique qui masse le dos&#8221; _builder_version=&#8221;4.27.6&#8243; _module_preset=&#8221;default&#8221; global_colors_info=&#8221;{}&#8221;][\/et_pb_image][\/et_pb_column][\/et_pb_row][et_pb_row _builder_version=&#8221;4.27.6&#8243; _module_preset=&#8221;default&#8221; global_colors_info=&#8221;{}&#8221;][et_pb_column type=&#8221;4_4&#8243; _builder_version=&#8221;4.27.6&#8243; _module_preset=&#8221;default&#8221; global_colors_info=&#8221;{}&#8221;][et_pb_text _builder_version=&#8221;4.27.6&#8243; _module_preset=&#8221;default&#8221; global_colors_info=&#8221;{}&#8221;]<\/p>\n<h3 data-section-id=\"n6syh0\" data-start=\"2816\" data-end=\"2910\"><span role=\"text\"><strong data-start=\"2820\" data-end=\"2910\">Formation en groupe ou individuelle : deux formats pour apprendre le massage tantrique<\/strong><\/span><\/h3>\n<p data-start=\"2912\" data-end=\"2969\">Vous pouvez suivre <a href=\"https:\/\/lavoieduplaisir.com\/formation-massage-tantrique\/\">cette formation au massage tantrique<\/a> :<\/p>\n<p data-start=\"2971\" data-end=\"3053\">\u2014 en groupe (prochaine session : <a href=\"https:\/\/lavoieduplaisir.com\/nl\/calendrier-et-stage-de-developpement-personnel-organise-par-la-voie-du-plaisir\/\">voir notre agenda<\/a>)<br data-start=\"3016\" data-end=\"3019\" \/>\u2014 en individuel (dates sur mesure)<\/p>\n<p data-start=\"3055\" data-end=\"3240\">La formation en groupe permet de pratiquer sur diff\u00e9rents corps et de s\u2019enrichir du collectif.<br data-start=\"3149\" data-end=\"3152\" \/>La formation individuelle permet un accompagnement personnalis\u00e9 et une \u00e9volution rapide.<\/p>\n<p data-start=\"3242\" data-end=\"3304\">Vous pouvez naviguer entre les deux formats selon vos besoins.<\/p>\n<p>[\/et_pb_text][\/et_pb_column][\/et_pb_row][et_pb_row column_structure=&#8221;3_5,2_5&#8243; _builder_version=&#8221;4.27.6&#8243; _module_preset=&#8221;default&#8221; global_colors_info=&#8221;{}&#8221;][et_pb_column type=&#8221;3_5&#8243; _builder_version=&#8221;4.27.6&#8243; _module_preset=&#8221;default&#8221; global_colors_info=&#8221;{}&#8221;][et_pb_text _builder_version=&#8221;4.27.6&#8243; _module_preset=&#8221;default&#8221; global_colors_info=&#8221;{}&#8221;]<\/p>\n<h3 data-section-id=\"5sibnv\" data-start=\"3311\" data-end=\"3392\"><span role=\"text\"><strong data-start=\"3315\" data-end=\"3392\">Un accompagnement personnalis\u00e9 pour devenir masseur\u00b7euse professionnel\u00b7le<\/strong><\/span><\/h3>\n<p data-start=\"3394\" data-end=\"3468\">Tout au long de la formation, vous \u00eates accompagn\u00e9\u00b7e de mani\u00e8re concr\u00e8te :<\/p>\n<p data-start=\"3470\" data-end=\"3760\">\u2014 feedback pr\u00e9cis sur votre toucher et vos protocoles<br data-start=\"3523\" data-end=\"3526\" \/>\u2014 ajustement de votre posture professionnelle<br data-start=\"3571\" data-end=\"3574\" \/>\u2014 accompagnement dans votre relation \u00e0 l\u2019intimit\u00e9<br data-start=\"3623\" data-end=\"3626\" \/>\u2014 espaces de pratique entre \u00e9tudiant\u00b7es<br data-start=\"3665\" data-end=\"3668\" \/>\u2014 supervisions individuelles<br data-start=\"3696\" data-end=\"3699\" \/>\u2014 soutien pour lancer votre activit\u00e9 de masseur ou masseuse<\/p>\n<p data-start=\"3762\" data-end=\"3863\">L\u2019objectif est que vous puissiez proposer des massages en vous sentant clair\u00b7e, l\u00e9gitime et align\u00e9\u00b7e.<\/p>\n<p data-start=\"3762\" data-end=\"3863\">\n<h3 data-section-id=\"h4dbpo\" data-start=\"3870\" data-end=\"3925\"><span role=\"text\"><strong data-start=\"3874\" data-end=\"3925\">Approfondir votre pratique du massage tantrique<\/strong><\/span><\/h3>\n<p data-start=\"3927\" data-end=\"3992\">Apr\u00e8s la formation de base, vous pouvez continuer \u00e0 vous former :<\/p>\n<p data-start=\"3994\" data-end=\"4155\">\u2014 massage intuitif et fluide<br data-start=\"4022\" data-end=\"4025\" \/>\u2014 massage intime avanc\u00e9 (yoni, lingam)<br data-start=\"4063\" data-end=\"4066\" \/>\u2014 travail sur l\u2019\u00e9nergie sexuelle<br data-start=\"4098\" data-end=\"4101\" \/>\u2014 pratiques \u00e9nerg\u00e9tiques et circulation de l\u2019\u00e9nergie<\/p>\n<p data-start=\"4157\" data-end=\"4231\">Un parcours \u00e9volutif pour enrichir votre pratique du tantra et du massage.<\/p>\n<p data-start=\"4157\" data-end=\"4231\">\n<p data-start=\"4932\" data-end=\"5045\">\n<p>[\/et_pb_text][\/et_pb_column][et_pb_column type=&#8221;2_5&#8243; _builder_version=&#8221;4.27.6&#8243; _module_preset=&#8221;default&#8221; global_colors_info=&#8221;{}&#8221;][et_pb_image src=&#8221;https:\/\/lavoieduplaisir.com\/wp-content\/uploads\/2023\/11\/222A7862.jpg&#8221; alt=&#8221;Connexion du coeur en formation au massage tantrique&#8221; title_text=&#8221;Connexion du coeur en formation au massage tantrique&#8221; _builder_version=&#8221;4.27.6&#8243; _module_preset=&#8221;default&#8221; global_colors_info=&#8221;{}&#8221;][\/et_pb_image][\/et_pb_column][\/et_pb_row][et_pb_row _builder_version=&#8221;4.27.6&#8243; _module_preset=&#8221;default&#8221; global_colors_info=&#8221;{}&#8221;][et_pb_column type=&#8221;4_4&#8243; _builder_version=&#8221;4.27.6&#8243; _module_preset=&#8221;default&#8221; global_colors_info=&#8221;{}&#8221;][et_pb_text _builder_version=&#8221;4.27.6&#8243; _module_preset=&#8221;default&#8221; global_colors_info=&#8221;{}&#8221;]<\/p>\n<h3 data-section-id=\"1cjd1nm\" data-start=\"4238\" data-end=\"4317\"><span role=\"text\"><strong data-start=\"4242\" data-end=\"4317\">Une approche du massage tantrique centr\u00e9e sur le respect et la relation<\/strong><\/span><\/h3>\n<p data-start=\"4319\" data-end=\"4365\">Ce qui est transmis ici va au-del\u00e0 du massage.<\/p>\n<p data-start=\"4367\" data-end=\"4411\">C\u2019est une mani\u00e8re d\u2019accompagner l\u2019intimit\u00e9 :<\/p>\n<p data-start=\"4413\" data-end=\"4515\">\u2014 avec respect<br data-start=\"4427\" data-end=\"4430\" \/>\u2014 avec clart\u00e9<br data-start=\"4443\" data-end=\"4446\" \/>\u2014 avec pr\u00e9sence<br data-start=\"4461\" data-end=\"4464\" \/>\u2014 avec conscience de la sexualit\u00e9 et de l\u2019\u00e9nergie<\/p>\n<p data-start=\"4517\" data-end=\"4579\">Un cadre professionnel o\u00f9 chacun\u00b7e peut se sentir accueilli\u00b7e.<\/p>\n<h3 data-section-id=\"1tnm7hl\" data-start=\"4586\" data-end=\"4662\"><span role=\"text\"><strong data-start=\"4590\" data-end=\"4662\">Se former au massage tantrique : un choix professionnel et personnel<\/strong><\/span><\/h3>\n<p data-start=\"4664\" data-end=\"4693\">Cette formation vous permet :<\/p>\n<p data-start=\"4695\" data-end=\"4930\">\u2014 de devenir masseur ou masseuse<br data-start=\"4727\" data-end=\"4730\" \/>\u2014 de proposer du massage tantrique ou du massage intime<br data-start=\"4785\" data-end=\"4788\" \/>\u2014 d\u2019enrichir votre pratique actuelle<br data-start=\"4824\" data-end=\"4827\" \/>\u2014 de vous reconvertir dans un m\u00e9tier en lien avec le corps<br data-start=\"4885\" data-end=\"4888\" \/>\u2014 d\u2019accompagner l\u2019intimit\u00e9 avec justesse<\/p>\n<p data-start=\"4932\" data-end=\"5045\">C\u2019est un chemin d\u2019apprentissage, mais aussi une transformation dans votre mani\u00e8re d\u2019\u00eatre en lien avec les autres.<\/p>\n<p>[\/et_pb_text][et_pb_button button_url=&#8221;https:\/\/lavoieduplaisir.com\/formation-massage-tantrique\/&#8221; button_text=&#8221;D\u00e9couvrir tout le programme de cette formation au massage tantrique&#8221; _builder_version=&#8221;4.27.6&#8243; _module_preset=&#8221;default&#8221; global_colors_info=&#8221;{}&#8221;][\/et_pb_button][\/et_pb_column][\/et_pb_row][\/et_pb_section]<\/p>\n","protected":false},"excerpt":{"rendered":"<p>Formation au massage tantrique : un parcours certifiant pour accompagner avec justesse Formation de massage tantrique professionnelle : d\u00e9velopper une pratique align\u00e9e, humaine et structur\u00e9e De nombreuses personnes ressentent aujourd\u2019hui l\u2019\u00e9lan de se former au massage tantrique. Certain\u00b7es sont d\u00e9j\u00e0 masseur\u00b7euses ou praticien\u00b7nes et souhaitent affiner leur toucher, enrichir leurs protocoles et approfondir leur approche [&hellip;]<\/p>\n","protected":false},"author":1,"featured_media":0,"parent":0,"menu_order":0,"comment_status":"closed","ping_status":"closed","template":"","meta":{"_et_pb_use_builder":"on","_et_pb_old_content":"","_et_gb_content_width":"","footnotes":""},"class_list":["post-18322","page","type-page","status-publish","hentry"],"yoast_head":"<!-- This site is optimized with the Yoast SEO plugin v27.4 - https:\/\/yoast.com\/product\/yoast-seo-wordpress\/ -->\n<title>Opleiding tantrische massage: een certificeringscursus voor de juiste begeleiding - La Voie du Plaisir<\/title>\n<meta name=\"robots\" content=\"index, follow, max-snippet:-1, max-image-preview:large, max-video-preview:-1\" \/>\n<link rel=\"canonical\" href=\"https:\/\/lavoieduplaisir.com\/nl\/formation-de-massage-professionnelle-certifiante-developper-une-pratique-alignee-intime-et-enveloppante\/\" \/>\n<meta property=\"og:locale\" content=\"nl_NL\" \/>\n<meta property=\"og:type\" content=\"article\" \/>\n<meta property=\"og:title\" content=\"Opleiding tantrische massage: een certificeringscursus voor de juiste begeleiding - La Voie du Plaisir\" \/>\n<meta property=\"og:description\" content=\"Formation au massage tantrique : un parcours certifiant pour accompagner avec justesse Formation de massage tantrique professionnelle : d\u00e9velopper une pratique align\u00e9e, humaine et structur\u00e9e De nombreuses personnes ressentent aujourd\u2019hui l\u2019\u00e9lan de se former au massage tantrique. Certain\u00b7es sont d\u00e9j\u00e0 masseur\u00b7euses ou praticien\u00b7nes et souhaitent affiner leur toucher, enrichir leurs protocoles et approfondir leur approche [&hellip;]\" \/>\n<meta property=\"og:url\" content=\"https:\/\/lavoieduplaisir.com\/nl\/formation-de-massage-professionnelle-certifiante-developper-une-pratique-alignee-intime-et-enveloppante\/\" \/>\n<meta property=\"og:site_name\" content=\"La Voie du Plaisir\" \/>\n<meta property=\"article:publisher\" content=\"https:\/\/www.facebook.com\/tao.lavoieduplaisir\" \/>\n<meta property=\"article:modified_time\" content=\"2026-04-13T11:26:23+00:00\" \/>\n<meta name=\"twitter:card\" content=\"summary_large_image\" \/>\n<meta name=\"twitter:label1\" content=\"Geschatte leestijd\" \/>\n\t<meta name=\"twitter:data1\" content=\"7 minuten\" \/>\n<script type=\"application\/ld+json\" class=\"yoast-schema-graph\">{\"@context\":\"https:\\\/\\\/schema.org\",\"@graph\":[{\"@type\":\"WebPage\",\"@id\":\"https:\\\/\\\/lavoieduplaisir.com\\\/nl\\\/formation-de-massage-professionnelle-certifiante-developper-une-pratique-alignee-intime-et-enveloppante\\\/\",\"url\":\"https:\\\/\\\/lavoieduplaisir.com\\\/nl\\\/formation-de-massage-professionnelle-certifiante-developper-une-pratique-alignee-intime-et-enveloppante\\\/\",\"name\":\"Opleiding tantrische massage: een certificeringscursus voor de juiste begeleiding - La Voie du Plaisir\",\"isPartOf\":{\"@id\":\"https:\\\/\\\/lavoieduplaisir.com\\\/nl\\\/#website\"},\"datePublished\":\"2026-04-08T10:42:05+00:00\",\"dateModified\":\"2026-04-13T11:26:23+00:00\",\"breadcrumb\":{\"@id\":\"https:\\\/\\\/lavoieduplaisir.com\\\/nl\\\/formation-de-massage-professionnelle-certifiante-developper-une-pratique-alignee-intime-et-enveloppante\\\/#breadcrumb\"},\"inLanguage\":\"nl-NL\",\"potentialAction\":[{\"@type\":\"ReadAction\",\"target\":[\"https:\\\/\\\/lavoieduplaisir.com\\\/nl\\\/formation-de-massage-professionnelle-certifiante-developper-une-pratique-alignee-intime-et-enveloppante\\\/\"]}]},{\"@type\":\"BreadcrumbList\",\"@id\":\"https:\\\/\\\/lavoieduplaisir.com\\\/nl\\\/formation-de-massage-professionnelle-certifiante-developper-une-pratique-alignee-intime-et-enveloppante\\\/#breadcrumb\",\"itemListElement\":[{\"@type\":\"ListItem\",\"position\":1,\"name\":\"Accueil\",\"item\":\"https:\\\/\\\/lavoieduplaisir.com\\\/nl\\\/la-voie-du-plaisir-centre-de-massage-tantrique-a-liege-et-de-developpement-personnel-liege\\\/\"},{\"@type\":\"ListItem\",\"position\":2,\"name\":\"Opleiding tantrische massage: een certificeringscursus voor de juiste begeleiding\"}]},{\"@type\":\"WebSite\",\"@id\":\"https:\\\/\\\/lavoieduplaisir.com\\\/nl\\\/#website\",\"url\":\"https:\\\/\\\/lavoieduplaisir.com\\\/nl\\\/\",\"name\":\"La Voie du Plaisir\",\"description\":\"Fais rayonner le plaisir qui est en toi\",\"potentialAction\":[{\"@type\":\"SearchAction\",\"target\":{\"@type\":\"EntryPoint\",\"urlTemplate\":\"https:\\\/\\\/lavoieduplaisir.com\\\/nl\\\/?s={search_term_string}\"},\"query-input\":{\"@type\":\"PropertyValueSpecification\",\"valueRequired\":true,\"valueName\":\"search_term_string\"}}],\"inLanguage\":\"nl-NL\"}]}<\/script>\n<!-- \/ Yoast SEO plugin. -->","yoast_head_json":{"title":"Opleiding tantrische massage: een certificeringscursus voor de juiste begeleiding - La Voie du Plaisir","robots":{"index":"index","follow":"follow","max-snippet":"max-snippet:-1","max-image-preview":"max-image-preview:large","max-video-preview":"max-video-preview:-1"},"canonical":"https:\/\/lavoieduplaisir.com\/nl\/formation-de-massage-professionnelle-certifiante-developper-une-pratique-alignee-intime-et-enveloppante\/","og_locale":"nl_NL","og_type":"article","og_title":"Opleiding tantrische massage: een certificeringscursus voor de juiste begeleiding - La Voie du Plaisir","og_description":"Formation au massage tantrique : un parcours certifiant pour accompagner avec justesse Formation de massage tantrique professionnelle : d\u00e9velopper une pratique align\u00e9e, humaine et structur\u00e9e De nombreuses personnes ressentent aujourd\u2019hui l\u2019\u00e9lan de se former au massage tantrique. Certain\u00b7es sont d\u00e9j\u00e0 masseur\u00b7euses ou praticien\u00b7nes et souhaitent affiner leur toucher, enrichir leurs protocoles et approfondir leur approche [&hellip;]","og_url":"https:\/\/lavoieduplaisir.com\/nl\/formation-de-massage-professionnelle-certifiante-developper-une-pratique-alignee-intime-et-enveloppante\/","og_site_name":"La Voie du Plaisir","article_publisher":"https:\/\/www.facebook.com\/tao.lavoieduplaisir","article_modified_time":"2026-04-13T11:26:23+00:00","twitter_card":"summary_large_image","twitter_misc":{"Geschatte leestijd":"7 minuten"},"schema":{"@context":"https:\/\/schema.org","@graph":[{"@type":"WebPage","@id":"https:\/\/lavoieduplaisir.com\/nl\/formation-de-massage-professionnelle-certifiante-developper-une-pratique-alignee-intime-et-enveloppante\/","url":"https:\/\/lavoieduplaisir.com\/nl\/formation-de-massage-professionnelle-certifiante-developper-une-pratique-alignee-intime-et-enveloppante\/","name":"Opleiding tantrische massage: een certificeringscursus voor de juiste begeleiding - La Voie du Plaisir","isPartOf":{"@id":"https:\/\/lavoieduplaisir.com\/nl\/#website"},"datePublished":"2026-04-08T10:42:05+00:00","dateModified":"2026-04-13T11:26:23+00:00","breadcrumb":{"@id":"https:\/\/lavoieduplaisir.com\/nl\/formation-de-massage-professionnelle-certifiante-developper-une-pratique-alignee-intime-et-enveloppante\/#breadcrumb"},"inLanguage":"nl-NL","potentialAction":[{"@type":"ReadAction","target":["https:\/\/lavoieduplaisir.com\/nl\/formation-de-massage-professionnelle-certifiante-developper-une-pratique-alignee-intime-et-enveloppante\/"]}]},{"@type":"BreadcrumbList","@id":"https:\/\/lavoieduplaisir.com\/nl\/formation-de-massage-professionnelle-certifiante-developper-une-pratique-alignee-intime-et-enveloppante\/#breadcrumb","itemListElement":[{"@type":"ListItem","position":1,"name":"Accueil","item":"https:\/\/lavoieduplaisir.com\/nl\/la-voie-du-plaisir-centre-de-massage-tantrique-a-liege-et-de-developpement-personnel-liege\/"},{"@type":"ListItem","position":2,"name":"Opleiding tantrische massage: een certificeringscursus voor de juiste begeleiding"}]},{"@type":"WebSite","@id":"https:\/\/lavoieduplaisir.com\/nl\/#website","url":"https:\/\/lavoieduplaisir.com\/nl\/","name":"La Voie du Plaisir","description":"Fais rayonner le plaisir qui est en toi","potentialAction":[{"@type":"SearchAction","target":{"@type":"EntryPoint","urlTemplate":"https:\/\/lavoieduplaisir.com\/nl\/?s={search_term_string}"},"query-input":{"@type":"PropertyValueSpecification","valueRequired":true,"valueName":"search_term_string"}}],"inLanguage":"nl-NL"}]}},"_links":{"self":[{"href":"https:\/\/lavoieduplaisir.com\/nl\/wp-json\/wp\/v2\/pages\/18322","targetHints":{"allow":["GET"]}}],"collection":[{"href":"https:\/\/lavoieduplaisir.com\/nl\/wp-json\/wp\/v2\/pages"}],"about":[{"href":"https:\/\/lavoieduplaisir.com\/nl\/wp-json\/wp\/v2\/types\/page"}],"author":[{"embeddable":true,"href":"https:\/\/lavoieduplaisir.com\/nl\/wp-json\/wp\/v2\/users\/1"}],"replies":[{"embeddable":true,"href":"https:\/\/lavoieduplaisir.com\/nl\/wp-json\/wp\/v2\/comments?post=18322"}],"version-history":[{"count":0,"href":"https:\/\/lavoieduplaisir.com\/nl\/wp-json\/wp\/v2\/pages\/18322\/revisions"}],"wp:attachment":[{"href":"https:\/\/lavoieduplaisir.com\/nl\/wp-json\/wp\/v2\/media?parent=18322"}],"curies":[{"name":"wp","href":"https:\/\/api.w.org\/{rel}","templated":true}]}}