{"id":17999,"date":"2026-02-03T17:11:39","date_gmt":"2026-02-03T16:11:39","guid":{"rendered":"https:\/\/lavoieduplaisir.com\/crystal-2\/"},"modified":"2026-04-13T13:24:08","modified_gmt":"2026-04-13T11:24:08","slug":"crystal-2","status":"publish","type":"page","link":"https:\/\/lavoieduplaisir.com\/nl\/crystal-2\/","title":{"rendered":"Kristal"},"content":{"rendered":"<p>[et_pb_section fb_built=&#8221;1&#8243; _builder_version=&#8221;4.27.4&#8243; _module_preset=&#8221;default&#8221; global_colors_info=&#8221;{}&#8221; theme_builder_area=&#8221;post_content&#8221;][et_pb_row column_structure=&#8221;3_5,2_5&#8243; _builder_version=&#8221;4.27.5&#8243; _module_preset=&#8221;default&#8221; custom_margin=&#8221;40px||||false|false&#8221; global_colors_info=&#8221;{}&#8221; theme_builder_area=&#8221;post_content&#8221;][et_pb_column type=&#8221;3_5&#8243; _builder_version=&#8221;4.27.4&#8243; _module_preset=&#8221;default&#8221; global_colors_info=&#8221;{}&#8221; theme_builder_area=&#8221;post_content&#8221;][et_pb_text _builder_version=&#8221;4.27.5&#8243; _module_preset=&#8221;default&#8221; custom_margin=&#8221;||30px||false|false&#8221; custom_padding=&#8221;0px||0px|||&#8221; global_colors_info=&#8221;{}&#8221; theme_builder_area=&#8221;post_content&#8221;]<\/p>\n<h1>Kristal<\/h1>\n<p>[\/et_pb_text][et_pb_text _builder_version=&#8221;4.27.4&#8243; _module_preset=&#8221;default&#8221; custom_margin=&#8221;-5px|||||&#8221; global_colors_info=&#8221;{}&#8221; theme_builder_area=&#8221;post_content&#8221;]<\/p>\n<div>Al sinds mijn kindertijd voel ik een diepe verbinding met het leven, met energie en met de gevoelige dimensie van het lichaam.<\/div>\n<div dir=\"auto\">Lange tijd intu\u00eftief werd deze relatie gaandeweg steeds duidelijker en gestructureerder.<\/div>\n<div dir=\"auto\"><\/div>\n<div dir=\"auto\">Toen ik met masseren begon, realiseerde ik me al snel dat aanwezig zijn, luisteren en mijn hart openen een krachtige invloed konden hebben op de mensen die ik begeleidde. Deze ervaring bracht me ertoe om mijn begrip van energetica, bewuste aanraking en de helpende relatie te verdiepen. <\/div>\n<div dir=\"auto\"><\/div>\n<div dir=\"auto\">Zo is het Tantrisme tot mij gekomen. Eerst met de soms reductieve voorstellingen die we er in het Westen van kunnen hebben, daarna als een echt pad van bewustzijn, dat veel verder gaat dan een massagetechniek. Het is een filosofie die u uitnodigt om volledig in uw lichaam, uw ademhaling en het huidige moment te leven.  <\/div>\n<div dir=\"auto\"><\/div>\n<div dir=\"auto\"><\/div>\n<div><\/div>\n<p>[\/et_pb_text][\/et_pb_column][et_pb_column type=&#8221;2_5&#8243; _builder_version=&#8221;4.27.4&#8243; _module_preset=&#8221;default&#8221; global_colors_info=&#8221;{}&#8221; theme_builder_area=&#8221;post_content&#8221;][et_pb_image src=&#8221;https:\/\/lavoieduplaisir.com\/wp-content\/uploads\/2025\/07\/Crystal-e1752594136628.jpeg&#8221; alt=&#8221;Crystal, intu\u00eftieve masseuse&#8221; title_text=&#8221;Crystal, intu\u00eftieve masseuse&#8221; _builder_version=&#8221;4.27.5&#8243; _module_preset=&#8221;default&#8221; custom_margin=&#8221;100px||||false|false&#8221; hover_enabled=&#8221;0&#8243; global_colors_info=&#8221;{}&#8221; theme_builder_area=&#8221;post_content&#8221; sticky_enabled=&#8221;0&#8243;][\/et_pb_image][et_pb_button button_url=&#8221;https:\/\/lavoieduplaisir.com\/contact\/&#8221; button_text=&#8221;Maak een afspraak met Crystal&#8221; button_alignment=&#8221;center&#8221; _builder_version=&#8221;4.27.5&#8243; _module_preset=&#8221;default&#8221; hover_enabled=&#8221;0&#8243; global_colors_info=&#8221;{}&#8221; theme_builder_area=&#8221;post_content&#8221; sticky_enabled=&#8221;0&#8243;][\/et_pb_button][\/et_pb_column][\/et_pb_row][et_pb_row _builder_version=&#8221;4.27.4&#8243; _module_preset=&#8221;default&#8221; global_colors_info=&#8221;{}&#8221; theme_builder_area=&#8221;post_content&#8221;][et_pb_column type=&#8221;4_4&#8243; _builder_version=&#8221;4.27.4&#8243; _module_preset=&#8221;default&#8221; global_colors_info=&#8221;{}&#8221; theme_builder_area=&#8221;post_content&#8221;][et_pb_text _builder_version=&#8221;4.27.4&#8243; _module_preset=&#8221;default&#8221; global_colors_info=&#8221;{}&#8221; theme_builder_area=&#8221;post_content&#8221;]<\/p>\n<div dir=\"auto\">Door middel van trainingen, cursussen en workshops heb ik persoonlijk de diepte van deze benadering ervaren, tot het punt waarop ik duidelijk het juiste en veilige kader heb gedefinieerd waarbinnen ik wil oefenen: een ruimte van welkom, respect en aanwezigheid, vanuit mijn hart.<\/div>\n<div dir=\"auto\"><\/div>\n<div dir=\"auto\">Vandaag de dag bied ik verschillende soorten welzijnsmassage aan. Tantrisme kleurt van nature de kwaliteit, niet als een belofte of een verwachting, maar als een subtiele aanwezigheid, een respectvolle en bewuste dans van energie\u00ebn, ten dienste van ontspanning en herverbinding met jezelf. <\/div>\n<div dir=\"auto\"><\/div>\n<div dir=\"auto\">In elk van mijn sessies bied ik een duidelijk en geruststellend kader, gebaseerd op empathisch luisteren, vriendelijkheid en respect voor grenzen, zodat iedereen zijn ervaring met vertrouwen en in zijn eigen tempo kan beleven.<\/div>\n<p>[\/et_pb_text][\/et_pb_column][\/et_pb_row][et_pb_row _builder_version=&#8221;4.27.4&#8243; _module_preset=&#8221;default&#8221; global_colors_info=&#8221;{}&#8221; theme_builder_area=&#8221;post_content&#8221;][et_pb_column type=&#8221;4_4&#8243; _builder_version=&#8221;4.27.4&#8243; _module_preset=&#8221;default&#8221; global_colors_info=&#8221;{}&#8221; theme_builder_area=&#8221;post_content&#8221;][et_pb_text _builder_version=&#8221;4.27.5&#8243; _module_preset=&#8221;default&#8221; ul_line_height=&#8221;1.5em&#8221; global_colors_info=&#8221;{}&#8221; theme_builder_area=&#8221;post_content&#8221;]<\/p>\n<h3>Naast massage biedt Crystal ook :<\/h3>\n<ul>\n<li><strong>\u00e9\u00e9n-op-\u00e9\u00e9n knuffelsessies,<\/strong> voor mensen die hun grenzen willen leren voelen en uiten, of voor mensen die gewoon meer aanraking en contact in hun dagelijks leven willen ervaren<\/li>\n<li><strong>intu\u00eftieve massages<\/strong> die zich aanpassen aan de behoeften en conditie van de klant<\/li>\n<\/ul>\n<p>[\/et_pb_text][et_pb_button button_url=&#8221;https:\/\/lavoieduplaisir.com\/contact\/&#8221; button_text=&#8221;Maak een afspraak met Crystal&#8221; button_alignment=&#8221;center&#8221; _builder_version=&#8221;4.27.5&#8243; _module_preset=&#8221;default&#8221; hover_enabled=&#8221;0&#8243; global_colors_info=&#8221;{}&#8221; theme_builder_area=&#8221;post_content&#8221; sticky_enabled=&#8221;0&#8243;][\/et_pb_button][\/et_pb_column][\/et_pb_row][et_pb_row column_structure=&#8221;1_2,1_2&#8243; _builder_version=&#8221;4.27.5&#8243; _module_preset=&#8221;default&#8221; custom_margin=&#8221;||80px||false|false&#8221; global_colors_info=&#8221;{}&#8221; theme_builder_area=&#8221;post_content&#8221;][et_pb_column type=&#8221;1_2&#8243; _builder_version=&#8221;4.27.5&#8243; _module_preset=&#8221;default&#8221; global_colors_info=&#8221;{}&#8221; theme_builder_area=&#8221;post_content&#8221;][\/et_pb_column][et_pb_column type=&#8221;1_2&#8243; _builder_version=&#8221;4.27.5&#8243; _module_preset=&#8221;default&#8221; global_colors_info=&#8221;{}&#8221; theme_builder_area=&#8221;post_content&#8221;][\/et_pb_column][\/et_pb_row][\/et_pb_section]<\/p>\n","protected":false},"excerpt":{"rendered":"<p>KristalAl sinds mijn kindertijd voel ik een diepe verbinding met het leven, met energie en met de gevoelige dimensie van het lichaam. Lange tijd intu\u00eftief werd deze relatie gaandeweg steeds duidelijker en gestructureerder. Toen ik met masseren begon, realiseerde ik me al snel dat aanwezig zijn, luisteren en mijn hart openen een krachtige invloed konden [&hellip;]<\/p>\n","protected":false},"author":1,"featured_media":0,"parent":0,"menu_order":0,"comment_status":"closed","ping_status":"closed","template":"","meta":{"_et_pb_use_builder":"on","_et_pb_old_content":"","_et_gb_content_width":"","footnotes":""},"class_list":["post-17999","page","type-page","status-publish","hentry"],"yoast_head":"<!-- This site is optimized with the Yoast SEO plugin v27.4 - https:\/\/yoast.com\/product\/yoast-seo-wordpress\/ -->\n<title>Kristal - La Voie du Plaisir<\/title>\n<meta name=\"robots\" content=\"index, follow, max-snippet:-1, max-image-preview:large, max-video-preview:-1\" \/>\n<link rel=\"canonical\" href=\"https:\/\/lavoieduplaisir.com\/nl\/crystal-2\/\" \/>\n<meta property=\"og:locale\" content=\"nl_NL\" \/>\n<meta property=\"og:type\" content=\"article\" \/>\n<meta property=\"og:title\" content=\"Kristal - La Voie du Plaisir\" \/>\n<meta property=\"og:description\" content=\"KristalAl sinds mijn kindertijd voel ik een diepe verbinding met het leven, met energie en met de gevoelige dimensie van het lichaam. Lange tijd intu\u00eftief werd deze relatie gaandeweg steeds duidelijker en gestructureerder. Toen ik met masseren begon, realiseerde ik me al snel dat aanwezig zijn, luisteren en mijn hart openen een krachtige invloed konden [&hellip;]\" \/>\n<meta property=\"og:url\" content=\"https:\/\/lavoieduplaisir.com\/nl\/crystal-2\/\" \/>\n<meta property=\"og:site_name\" content=\"La Voie du Plaisir\" \/>\n<meta property=\"article:publisher\" content=\"https:\/\/www.facebook.com\/tao.lavoieduplaisir\" \/>\n<meta property=\"article:modified_time\" content=\"2026-04-13T11:24:08+00:00\" \/>\n<meta name=\"twitter:card\" content=\"summary_large_image\" \/>\n<meta name=\"twitter:label1\" content=\"Geschatte leestijd\" \/>\n\t<meta name=\"twitter:data1\" content=\"4 minuten\" \/>\n<script type=\"application\/ld+json\" class=\"yoast-schema-graph\">{\"@context\":\"https:\\\/\\\/schema.org\",\"@graph\":[{\"@type\":\"WebPage\",\"@id\":\"https:\\\/\\\/lavoieduplaisir.com\\\/nl\\\/crystal-2\\\/\",\"url\":\"https:\\\/\\\/lavoieduplaisir.com\\\/nl\\\/crystal-2\\\/\",\"name\":\"Kristal - La Voie du Plaisir\",\"isPartOf\":{\"@id\":\"https:\\\/\\\/lavoieduplaisir.com\\\/nl\\\/#website\"},\"datePublished\":\"2026-02-03T16:11:39+00:00\",\"dateModified\":\"2026-04-13T11:24:08+00:00\",\"breadcrumb\":{\"@id\":\"https:\\\/\\\/lavoieduplaisir.com\\\/nl\\\/crystal-2\\\/#breadcrumb\"},\"inLanguage\":\"nl-NL\",\"potentialAction\":[{\"@type\":\"ReadAction\",\"target\":[\"https:\\\/\\\/lavoieduplaisir.com\\\/nl\\\/crystal-2\\\/\"]}]},{\"@type\":\"BreadcrumbList\",\"@id\":\"https:\\\/\\\/lavoieduplaisir.com\\\/nl\\\/crystal-2\\\/#breadcrumb\",\"itemListElement\":[{\"@type\":\"ListItem\",\"position\":1,\"name\":\"Accueil\",\"item\":\"https:\\\/\\\/lavoieduplaisir.com\\\/nl\\\/la-voie-du-plaisir-centre-de-massage-tantrique-a-liege-et-de-developpement-personnel-liege\\\/\"},{\"@type\":\"ListItem\",\"position\":2,\"name\":\"Kristal\"}]},{\"@type\":\"WebSite\",\"@id\":\"https:\\\/\\\/lavoieduplaisir.com\\\/nl\\\/#website\",\"url\":\"https:\\\/\\\/lavoieduplaisir.com\\\/nl\\\/\",\"name\":\"La Voie du Plaisir\",\"description\":\"Fais rayonner le plaisir qui est en toi\",\"potentialAction\":[{\"@type\":\"SearchAction\",\"target\":{\"@type\":\"EntryPoint\",\"urlTemplate\":\"https:\\\/\\\/lavoieduplaisir.com\\\/nl\\\/?s={search_term_string}\"},\"query-input\":{\"@type\":\"PropertyValueSpecification\",\"valueRequired\":true,\"valueName\":\"search_term_string\"}}],\"inLanguage\":\"nl-NL\"}]}<\/script>\n<!-- \/ Yoast SEO plugin. -->","yoast_head_json":{"title":"Kristal - La Voie du Plaisir","robots":{"index":"index","follow":"follow","max-snippet":"max-snippet:-1","max-image-preview":"max-image-preview:large","max-video-preview":"max-video-preview:-1"},"canonical":"https:\/\/lavoieduplaisir.com\/nl\/crystal-2\/","og_locale":"nl_NL","og_type":"article","og_title":"Kristal - La Voie du Plaisir","og_description":"KristalAl sinds mijn kindertijd voel ik een diepe verbinding met het leven, met energie en met de gevoelige dimensie van het lichaam. Lange tijd intu\u00eftief werd deze relatie gaandeweg steeds duidelijker en gestructureerder. Toen ik met masseren begon, realiseerde ik me al snel dat aanwezig zijn, luisteren en mijn hart openen een krachtige invloed konden [&hellip;]","og_url":"https:\/\/lavoieduplaisir.com\/nl\/crystal-2\/","og_site_name":"La Voie du Plaisir","article_publisher":"https:\/\/www.facebook.com\/tao.lavoieduplaisir","article_modified_time":"2026-04-13T11:24:08+00:00","twitter_card":"summary_large_image","twitter_misc":{"Geschatte leestijd":"4 minuten"},"schema":{"@context":"https:\/\/schema.org","@graph":[{"@type":"WebPage","@id":"https:\/\/lavoieduplaisir.com\/nl\/crystal-2\/","url":"https:\/\/lavoieduplaisir.com\/nl\/crystal-2\/","name":"Kristal - La Voie du Plaisir","isPartOf":{"@id":"https:\/\/lavoieduplaisir.com\/nl\/#website"},"datePublished":"2026-02-03T16:11:39+00:00","dateModified":"2026-04-13T11:24:08+00:00","breadcrumb":{"@id":"https:\/\/lavoieduplaisir.com\/nl\/crystal-2\/#breadcrumb"},"inLanguage":"nl-NL","potentialAction":[{"@type":"ReadAction","target":["https:\/\/lavoieduplaisir.com\/nl\/crystal-2\/"]}]},{"@type":"BreadcrumbList","@id":"https:\/\/lavoieduplaisir.com\/nl\/crystal-2\/#breadcrumb","itemListElement":[{"@type":"ListItem","position":1,"name":"Accueil","item":"https:\/\/lavoieduplaisir.com\/nl\/la-voie-du-plaisir-centre-de-massage-tantrique-a-liege-et-de-developpement-personnel-liege\/"},{"@type":"ListItem","position":2,"name":"Kristal"}]},{"@type":"WebSite","@id":"https:\/\/lavoieduplaisir.com\/nl\/#website","url":"https:\/\/lavoieduplaisir.com\/nl\/","name":"La Voie du Plaisir","description":"Fais rayonner le plaisir qui est en toi","potentialAction":[{"@type":"SearchAction","target":{"@type":"EntryPoint","urlTemplate":"https:\/\/lavoieduplaisir.com\/nl\/?s={search_term_string}"},"query-input":{"@type":"PropertyValueSpecification","valueRequired":true,"valueName":"search_term_string"}}],"inLanguage":"nl-NL"}]}},"_links":{"self":[{"href":"https:\/\/lavoieduplaisir.com\/nl\/wp-json\/wp\/v2\/pages\/17999","targetHints":{"allow":["GET"]}}],"collection":[{"href":"https:\/\/lavoieduplaisir.com\/nl\/wp-json\/wp\/v2\/pages"}],"about":[{"href":"https:\/\/lavoieduplaisir.com\/nl\/wp-json\/wp\/v2\/types\/page"}],"author":[{"embeddable":true,"href":"https:\/\/lavoieduplaisir.com\/nl\/wp-json\/wp\/v2\/users\/1"}],"replies":[{"embeddable":true,"href":"https:\/\/lavoieduplaisir.com\/nl\/wp-json\/wp\/v2\/comments?post=17999"}],"version-history":[{"count":0,"href":"https:\/\/lavoieduplaisir.com\/nl\/wp-json\/wp\/v2\/pages\/17999\/revisions"}],"wp:attachment":[{"href":"https:\/\/lavoieduplaisir.com\/nl\/wp-json\/wp\/v2\/media?parent=17999"}],"curies":[{"name":"wp","href":"https:\/\/api.w.org\/{rel}","templated":true}]}}