{"id":17975,"date":"2026-02-03T16:45:54","date_gmt":"2026-02-03T15:45:54","guid":{"rendered":"https:\/\/lavoieduplaisir.com\/steffi-3\/"},"modified":"2026-04-13T13:24:09","modified_gmt":"2026-04-13T11:24:09","slug":"steffi-3","status":"publish","type":"page","link":"https:\/\/lavoieduplaisir.com\/nl\/steffi-3\/","title":{"rendered":"Steffi"},"content":{"rendered":"<p>[et_pb_section fb_built=&#8221;1&#8243; _builder_version=&#8221;4.27.4&#8243; _module_preset=&#8221;default&#8221; global_colors_info=&#8221;{}&#8221;][et_pb_row column_structure=&#8221;3_5,2_5&#8243; _builder_version=&#8221;4.27.5&#8243; _module_preset=&#8221;default&#8221; custom_margin=&#8221;40px||||false|false&#8221; global_colors_info=&#8221;{}&#8221;][et_pb_column type=&#8221;3_5&#8243; _builder_version=&#8221;4.27.4&#8243; _module_preset=&#8221;default&#8221; global_colors_info=&#8221;{}&#8221;][et_pb_text _builder_version=&#8221;4.27.5&#8243; _module_preset=&#8221;default&#8221; custom_margin=&#8221;||30px||false|false&#8221; custom_padding=&#8221;0px||0px|||&#8221; global_colors_info=&#8221;{}&#8221;]<\/p>\n<h1>Steffi<\/h1>\n<p>[\/et_pb_text][et_pb_text _builder_version=&#8221;4.27.4&#8243; _module_preset=&#8221;default&#8221; custom_margin=&#8221;-5px|||||&#8221; global_colors_info=&#8221;{}&#8221;]<\/p>\n<p data-start=\"61\" data-end=\"389\">Mijn werk als <a href=\"https:\/\/lavoieduplaisir.com\/massage-tantrique-a-liege-et-soin-energetique\/\">tantrische masseuse<\/a> en lichaamswerker is gebaseerd op een eenvoudige overtuiging: het menselijk lichaam is een levende, voortdurend evoluerende ervaringsruimte. Nabijheid, emoties en levensenergie komen samen in een subtiel evenwicht. Dit evenwicht manifesteert zich niet altijd op dezelfde manier &#8211; soms is het vloeiend, soms is het geblokkeerd.  <\/p>\n<p data-start=\"61\" data-end=\"389\">In de ruimtes die ik openstel, nodig ik mensen uit om alles wat van buitenaf komt even los te laten: overtuigingen, sociale of familiale verwachtingen en alles wat hen voortdurend pusht om te doen, te optimaliseren of te &#8220;presteren&#8221;.<\/p>\n<p data-start=\"61\" data-end=\"389\">Ik open een ruimte waarin u volledig uzelf kunt zijn. Een ruimte waarin u innerlijke rust en diep zelfvertrouwen kunt ontwikkelen. Een ruimte waarin u kunt (af)stemmen op uw intu\u00eftie en innerlijke stem. Om uw eigen ritme te voelen en ontmoetingen te ervaren die voeden, verankeren en verbinden.   <\/p>\n<p data-start=\"61\" data-end=\"389\">Mijn massages zijn een beschermde ruimte van diepe rust en traagheid. Ze zorgen voor diepe ontspanning en een gevoel van verbondenheid dat ook na de sessie, in het dagelijks leven, kan doorwerken. Voel uzelf echt, laat u gaan en laat u meevoeren &#8211; zonder te hoeven geven, doen of reageren op verwachtingen. Deze innerlijke ruimte kan aanleiding geven tot lichtheid, levensvreugde, nieuwsgierigheid en een zeer persoonlijke vorm van spiritualiteit.   <\/p>\n<p>[\/et_pb_text][\/et_pb_column][et_pb_column type=&#8221;2_5&#8243; _builder_version=&#8221;4.27.4&#8243; _module_preset=&#8221;default&#8221; global_colors_info=&#8221;{}&#8221;][et_pb_image src=&#8221;https:\/\/lavoieduplaisir.com\/wp-content\/uploads\/2026\/02\/Steffi-laughing.jpg&#8221; alt=&#8221;Steffi lacht&#8221; title_text=&#8221;Steffi lacht&#8221; _builder_version=&#8221;4.27.5&#8243; _module_preset=&#8221;default&#8221; custom_margin=&#8221;100px||||false|false&#8221; global_colors_info=&#8221;{}&#8221;][\/et_pb_image][et_pb_button button_url=&#8221;https:\/\/lavoieduplaisir.com\/contact\/&#8221; button_text=&#8221;Maak een afspraak met Steffi&#8221; button_alignment=&#8221;center&#8221; _builder_version=&#8221;4.27.5&#8243; _module_preset=&#8221;default&#8221; global_colors_info=&#8221;{}&#8221;][\/et_pb_button][\/et_pb_column][\/et_pb_row][et_pb_row _builder_version=&#8221;4.27.4&#8243; _module_preset=&#8221;default&#8221; global_colors_info=&#8221;{}&#8221;][et_pb_column type=&#8221;4_4&#8243; _builder_version=&#8221;4.27.4&#8243; _module_preset=&#8221;default&#8221; global_colors_info=&#8221;{}&#8221;][et_pb_video src=&#8221;https:\/\/vimeo.com\/1181458071&#8243; _builder_version=&#8221;4.27.6&#8243; _module_preset=&#8221;default&#8221; global_colors_info=&#8221;{}&#8221;][\/et_pb_video][et_pb_text _builder_version=&#8221;4.27.4&#8243; _module_preset=&#8221;default&#8221; global_colors_info=&#8221;{}&#8221;]<\/p>\n<p>Met veel finesse en aanwezigheid begeleid ik mijn klanten om dichter bij hun eigen behoeften te komen, om zich los te maken van externe verwachtingen en om authentieker te zijn met zichzelf. Mijn massages zijn geen oppervlakkige ervaring, maar een holistische reis naar het zelf. Ik houd deze ruimte in een zorgzame, niet-oordelende, ondersteunende aanwezigheid.  <\/p>\n<p>Mijn aanraakwerk is voortdurend in ontwikkeling en wordt verrijkt door nieuwe impulsen. Ik ben er vooral op gebrand om ruimtes te openen en in stand te houden die respectvol, aandachtig en verzorgend zijn, vooral voor mensen die erg gevoelig zijn en\/of die ervaringen hebben gehad met het verleggen van hun grenzen. <\/p>\n<p>Het is mijn bedoeling om mensen te helpen voor zichzelf te zorgen, hun innerlijke kracht en stabiliteit te herontdekken &#8211; zodat ze met vreugde, zelfvertrouwen en innerlijke helderheid verder kunnen gaan op de paden die ze al zo lang willen verkennen.<\/p>\n<p>[\/et_pb_text][\/et_pb_column][\/et_pb_row][et_pb_row column_structure=&#8221;1_2,1_2&#8243; _builder_version=&#8221;4.27.5&#8243; _module_preset=&#8221;default&#8221; global_colors_info=&#8221;{}&#8221;][et_pb_column type=&#8221;1_2&#8243; _builder_version=&#8221;4.27.5&#8243; _module_preset=&#8221;default&#8221; global_colors_info=&#8221;{}&#8221;][et_pb_image src=&#8221;https:\/\/lavoieduplaisir.com\/wp-content\/uploads\/2026\/02\/SteffiMassage1.jpg&#8221; alt=&#8221;Steffi massage met olie&#8221; title_text=&#8221;Steffi Massage&#8221; _builder_version=&#8221;4.27.5&#8243; _module_preset=&#8221;default&#8221; global_colors_info=&#8221;{}&#8221;][\/et_pb_image][\/et_pb_column][et_pb_column type=&#8221;1_2&#8243; _builder_version=&#8221;4.27.5&#8243; _module_preset=&#8221;default&#8221; global_colors_info=&#8221;{}&#8221;][et_pb_image src=&#8221;https:\/\/lavoieduplaisir.com\/wp-content\/uploads\/2026\/02\/SteffiCuddle.jpg&#8221; alt=&#8221;Steffi knuffelen  &#8221; title_text=&#8221;Steffi knuffelen  &#8221; _builder_version=&#8221;4.27.5&#8243; _module_preset=&#8221;default&#8221; global_colors_info=&#8221;{}&#8221;][\/et_pb_image][\/et_pb_column][\/et_pb_row][et_pb_row _builder_version=&#8221;4.27.4&#8243; _module_preset=&#8221;default&#8221; global_colors_info=&#8221;{}&#8221;][et_pb_column type=&#8221;4_4&#8243; _builder_version=&#8221;4.27.4&#8243; _module_preset=&#8221;default&#8221; global_colors_info=&#8221;{}&#8221;][et_pb_text _builder_version=&#8221;4.27.5&#8243; _module_preset=&#8221;default&#8221; ul_line_height=&#8221;1.5em&#8221; global_colors_info=&#8221;{}&#8221;]<\/p>\n<h3>Naast tantrische massage biedt Steffi ook :<\/h3>\n<ul>\n<li><strong>individuele coaching<\/strong> op relaties met zichzelf en anderen, intimiteit, zelfliefde, seksualiteit en communicatie<\/li>\n<li><strong>coaching voor koppels<\/strong> (alleen of met Nicolas) op geweldloze communicatie, de verbinding hart &amp; seksualiteit en open relateren<\/li>\n<li><strong>\u00e9\u00e9n-op-\u00e9\u00e9n knuffelsessies,<\/strong> voor mensen die hun grenzen willen leren voelen en uiten, of voor mensen die gewoon meer aanraking en contact in hun dagelijks leven willen ervaren<\/li>\n<li><strong><a href=\"https:\/\/lavoieduplaisir.com\/massage-tantrique-a-liege-et-soin-energetique\/\">intu\u00eftieve massages<\/a><\/strong> die zich aanpassen aan de behoeften en conditie van de klant<\/li>\n<li><span><strong>Intieme portretsessies,<\/strong> die cli\u00ebnten weer in contact brengen met de diepe, oorspronkelijke kracht van hun heilige en wortelchakra&#8217;s.<\/span><span style=\"font-size: 22px;\"> <\/span><\/li>\n<\/ul>\n<p>[\/et_pb_text][et_pb_button button_url=&#8221;https:\/\/lavoieduplaisir.com\/contact\/&#8221; button_text=&#8221;Maak een afspraak met Steffi&#8221; button_alignment=&#8221;center&#8221; _builder_version=&#8221;4.27.5&#8243; _module_preset=&#8221;default&#8221; global_colors_info=&#8221;{}&#8221;][\/et_pb_button][\/et_pb_column][\/et_pb_row][et_pb_row column_structure=&#8221;1_2,1_2&#8243; _builder_version=&#8221;4.27.5&#8243; _module_preset=&#8221;default&#8221; custom_margin=&#8221;||80px||false|false&#8221; global_colors_info=&#8221;{}&#8221;][et_pb_column type=&#8221;1_2&#8243; _builder_version=&#8221;4.27.5&#8243; _module_preset=&#8221;default&#8221; global_colors_info=&#8221;{}&#8221;][et_pb_image src=&#8221;https:\/\/lavoieduplaisir.com\/wp-content\/uploads\/2026\/02\/Begleitung_YHA1921.jpg&#8221; alt=&#8221;Steffi doet coaching&#8221; title_text=&#8221;Steffi doet coaching&#8221; _builder_version=&#8221;4.27.5&#8243; _module_preset=&#8221;default&#8221; global_colors_info=&#8221;{}&#8221;][\/et_pb_image][\/et_pb_column][et_pb_column type=&#8221;1_2&#8243; _builder_version=&#8221;4.27.5&#8243; _module_preset=&#8221;default&#8221; global_colors_info=&#8221;{}&#8221;][et_pb_image src=&#8221;https:\/\/lavoieduplaisir.com\/wp-content\/uploads\/2026\/02\/SteffiCuddle2.jpg&#8221; alt=&#8221;Hands-on knuffelsessie&#8221; title_text=&#8221;Steffi Seance Calin&#8221; _builder_version=&#8221;4.27.5&#8243; _module_preset=&#8221;default&#8221; global_colors_info=&#8221;{}&#8221;][\/et_pb_image][\/et_pb_column][\/et_pb_row][et_pb_row _builder_version=&#8221;4.27.5&#8243; _module_preset=&#8221;default&#8221; custom_margin=&#8221;|auto|47px|auto|false|false&#8221; global_colors_info=&#8221;{}&#8221;][et_pb_column type=&#8221;4_4&#8243; _builder_version=&#8221;4.27.5&#8243; _module_preset=&#8221;default&#8221; global_colors_info=&#8221;{}&#8221;][et_pb_text _builder_version=&#8221;4.24.0&#8243; _module_preset=&#8221;93c74643-5b57-4b0d-855e-d04cd8f51f32&#8243; locked=&#8221;off&#8221; global_colors_info=&#8221;{}&#8221;]<\/p>\n<p style=\"text-align: center;\">De creatieve volwassene is het kind dat overleefde.<\/p>\n<h4 style=\"text-align: center;\"><span>&#8211; Ursula Le Guin<\/span><\/h4>\n<p>[\/et_pb_text][\/et_pb_column][\/et_pb_row][et_pb_row column_structure=&#8221;2_5,3_5&#8243; _builder_version=&#8221;4.27.5&#8243; _module_preset=&#8221;default&#8221; custom_margin=&#8221;||80px||false|false&#8221; global_colors_info=&#8221;{}&#8221;][et_pb_column type=&#8221;2_5&#8243; _builder_version=&#8221;4.27.5&#8243; _module_preset=&#8221;default&#8221; global_colors_info=&#8221;{}&#8221;][et_pb_image src=&#8221;https:\/\/lavoieduplaisir.com\/wp-content\/uploads\/2026\/02\/SteffiDancing.jpg&#8221; alt=&#8221;Steffi danst in de natuur&#8221; title_text=&#8221;Steffi danst in de natuur&#8221; _builder_version=&#8221;4.27.5&#8243; _module_preset=&#8221;default&#8221; global_colors_info=&#8221;{}&#8221;][\/et_pb_image][\/et_pb_column][et_pb_column type=&#8221;3_5&#8243; _builder_version=&#8221;4.27.5&#8243; _module_preset=&#8221;default&#8221; global_colors_info=&#8221;{}&#8221;][et_pb_image src=&#8221;https:\/\/lavoieduplaisir.com\/wp-content\/uploads\/2026\/02\/YoniDrawings.jpg&#8221; alt=&#8221;Tekening van de yoni&#8221; title_text=&#8221;Tekening van de yoni&#8221; _builder_version=&#8221;4.27.5&#8243; _module_preset=&#8221;default&#8221; global_colors_info=&#8221;{}&#8221;][\/et_pb_image][\/et_pb_column][\/et_pb_row][\/et_pb_section]<\/p>\n","protected":false},"excerpt":{"rendered":"<p>SteffiMijn werk als tantrische masseuse en lichaamswerker is gebaseerd op een eenvoudige overtuiging: het menselijk lichaam is een levende, voortdurend evoluerende ervaringsruimte. Nabijheid, emoties en levensenergie komen samen in een subtiel evenwicht. Dit evenwicht manifesteert zich niet altijd op dezelfde manier &#8211; soms is het vloeiend, soms is het geblokkeerd. In de ruimtes die ik [&hellip;]<\/p>\n","protected":false},"author":5,"featured_media":0,"parent":0,"menu_order":0,"comment_status":"closed","ping_status":"closed","template":"","meta":{"_et_pb_use_builder":"on","_et_pb_old_content":"","_et_gb_content_width":"","footnotes":""},"class_list":["post-17975","page","type-page","status-publish","hentry"],"yoast_head":"<!-- This site is optimized with the Yoast SEO plugin v27.4 - https:\/\/yoast.com\/product\/yoast-seo-wordpress\/ -->\n<title>Steffi - La Voie du Plaisir<\/title>\n<meta name=\"robots\" content=\"index, follow, max-snippet:-1, max-image-preview:large, max-video-preview:-1\" \/>\n<link rel=\"canonical\" href=\"https:\/\/lavoieduplaisir.com\/nl\/steffi-3\/\" \/>\n<meta property=\"og:locale\" content=\"nl_NL\" \/>\n<meta property=\"og:type\" content=\"article\" \/>\n<meta property=\"og:title\" content=\"Steffi - La Voie du Plaisir\" \/>\n<meta property=\"og:description\" content=\"SteffiMijn werk als tantrische masseuse en lichaamswerker is gebaseerd op een eenvoudige overtuiging: het menselijk lichaam is een levende, voortdurend evoluerende ervaringsruimte. Nabijheid, emoties en levensenergie komen samen in een subtiel evenwicht. Dit evenwicht manifesteert zich niet altijd op dezelfde manier - soms is het vloeiend, soms is het geblokkeerd. In de ruimtes die ik [&hellip;]\" \/>\n<meta property=\"og:url\" content=\"https:\/\/lavoieduplaisir.com\/nl\/steffi-3\/\" \/>\n<meta property=\"og:site_name\" content=\"La Voie du Plaisir\" \/>\n<meta property=\"article:publisher\" content=\"https:\/\/www.facebook.com\/tao.lavoieduplaisir\" \/>\n<meta property=\"article:modified_time\" content=\"2026-04-13T11:24:09+00:00\" \/>\n<meta name=\"twitter:card\" content=\"summary_large_image\" \/>\n<meta name=\"twitter:label1\" content=\"Geschatte leestijd\" \/>\n\t<meta name=\"twitter:data1\" content=\"6 minuten\" \/>\n<script type=\"application\/ld+json\" class=\"yoast-schema-graph\">{\"@context\":\"https:\\\/\\\/schema.org\",\"@graph\":[{\"@type\":\"WebPage\",\"@id\":\"https:\\\/\\\/lavoieduplaisir.com\\\/nl\\\/steffi-3\\\/\",\"url\":\"https:\\\/\\\/lavoieduplaisir.com\\\/nl\\\/steffi-3\\\/\",\"name\":\"Steffi - La Voie du Plaisir\",\"isPartOf\":{\"@id\":\"https:\\\/\\\/lavoieduplaisir.com\\\/nl\\\/#website\"},\"datePublished\":\"2026-02-03T15:45:54+00:00\",\"dateModified\":\"2026-04-13T11:24:09+00:00\",\"breadcrumb\":{\"@id\":\"https:\\\/\\\/lavoieduplaisir.com\\\/nl\\\/steffi-3\\\/#breadcrumb\"},\"inLanguage\":\"nl-NL\",\"potentialAction\":[{\"@type\":\"ReadAction\",\"target\":[\"https:\\\/\\\/lavoieduplaisir.com\\\/nl\\\/steffi-3\\\/\"]}]},{\"@type\":\"BreadcrumbList\",\"@id\":\"https:\\\/\\\/lavoieduplaisir.com\\\/nl\\\/steffi-3\\\/#breadcrumb\",\"itemListElement\":[{\"@type\":\"ListItem\",\"position\":1,\"name\":\"Accueil\",\"item\":\"https:\\\/\\\/lavoieduplaisir.com\\\/nl\\\/la-voie-du-plaisir-centre-de-massage-tantrique-a-liege-et-de-developpement-personnel-liege\\\/\"},{\"@type\":\"ListItem\",\"position\":2,\"name\":\"Steffi\"}]},{\"@type\":\"WebSite\",\"@id\":\"https:\\\/\\\/lavoieduplaisir.com\\\/nl\\\/#website\",\"url\":\"https:\\\/\\\/lavoieduplaisir.com\\\/nl\\\/\",\"name\":\"La Voie du Plaisir\",\"description\":\"Fais rayonner le plaisir qui est en toi\",\"potentialAction\":[{\"@type\":\"SearchAction\",\"target\":{\"@type\":\"EntryPoint\",\"urlTemplate\":\"https:\\\/\\\/lavoieduplaisir.com\\\/nl\\\/?s={search_term_string}\"},\"query-input\":{\"@type\":\"PropertyValueSpecification\",\"valueRequired\":true,\"valueName\":\"search_term_string\"}}],\"inLanguage\":\"nl-NL\"}]}<\/script>\n<!-- \/ Yoast SEO plugin. -->","yoast_head_json":{"title":"Steffi - La Voie du Plaisir","robots":{"index":"index","follow":"follow","max-snippet":"max-snippet:-1","max-image-preview":"max-image-preview:large","max-video-preview":"max-video-preview:-1"},"canonical":"https:\/\/lavoieduplaisir.com\/nl\/steffi-3\/","og_locale":"nl_NL","og_type":"article","og_title":"Steffi - La Voie du Plaisir","og_description":"SteffiMijn werk als tantrische masseuse en lichaamswerker is gebaseerd op een eenvoudige overtuiging: het menselijk lichaam is een levende, voortdurend evoluerende ervaringsruimte. Nabijheid, emoties en levensenergie komen samen in een subtiel evenwicht. Dit evenwicht manifesteert zich niet altijd op dezelfde manier - soms is het vloeiend, soms is het geblokkeerd. In de ruimtes die ik [&hellip;]","og_url":"https:\/\/lavoieduplaisir.com\/nl\/steffi-3\/","og_site_name":"La Voie du Plaisir","article_publisher":"https:\/\/www.facebook.com\/tao.lavoieduplaisir","article_modified_time":"2026-04-13T11:24:09+00:00","twitter_card":"summary_large_image","twitter_misc":{"Geschatte leestijd":"6 minuten"},"schema":{"@context":"https:\/\/schema.org","@graph":[{"@type":"WebPage","@id":"https:\/\/lavoieduplaisir.com\/nl\/steffi-3\/","url":"https:\/\/lavoieduplaisir.com\/nl\/steffi-3\/","name":"Steffi - La Voie du Plaisir","isPartOf":{"@id":"https:\/\/lavoieduplaisir.com\/nl\/#website"},"datePublished":"2026-02-03T15:45:54+00:00","dateModified":"2026-04-13T11:24:09+00:00","breadcrumb":{"@id":"https:\/\/lavoieduplaisir.com\/nl\/steffi-3\/#breadcrumb"},"inLanguage":"nl-NL","potentialAction":[{"@type":"ReadAction","target":["https:\/\/lavoieduplaisir.com\/nl\/steffi-3\/"]}]},{"@type":"BreadcrumbList","@id":"https:\/\/lavoieduplaisir.com\/nl\/steffi-3\/#breadcrumb","itemListElement":[{"@type":"ListItem","position":1,"name":"Accueil","item":"https:\/\/lavoieduplaisir.com\/nl\/la-voie-du-plaisir-centre-de-massage-tantrique-a-liege-et-de-developpement-personnel-liege\/"},{"@type":"ListItem","position":2,"name":"Steffi"}]},{"@type":"WebSite","@id":"https:\/\/lavoieduplaisir.com\/nl\/#website","url":"https:\/\/lavoieduplaisir.com\/nl\/","name":"La Voie du Plaisir","description":"Fais rayonner le plaisir qui est en toi","potentialAction":[{"@type":"SearchAction","target":{"@type":"EntryPoint","urlTemplate":"https:\/\/lavoieduplaisir.com\/nl\/?s={search_term_string}"},"query-input":{"@type":"PropertyValueSpecification","valueRequired":true,"valueName":"search_term_string"}}],"inLanguage":"nl-NL"}]}},"_links":{"self":[{"href":"https:\/\/lavoieduplaisir.com\/nl\/wp-json\/wp\/v2\/pages\/17975","targetHints":{"allow":["GET"]}}],"collection":[{"href":"https:\/\/lavoieduplaisir.com\/nl\/wp-json\/wp\/v2\/pages"}],"about":[{"href":"https:\/\/lavoieduplaisir.com\/nl\/wp-json\/wp\/v2\/types\/page"}],"author":[{"embeddable":true,"href":"https:\/\/lavoieduplaisir.com\/nl\/wp-json\/wp\/v2\/users\/5"}],"replies":[{"embeddable":true,"href":"https:\/\/lavoieduplaisir.com\/nl\/wp-json\/wp\/v2\/comments?post=17975"}],"version-history":[{"count":0,"href":"https:\/\/lavoieduplaisir.com\/nl\/wp-json\/wp\/v2\/pages\/17975\/revisions"}],"wp:attachment":[{"href":"https:\/\/lavoieduplaisir.com\/nl\/wp-json\/wp\/v2\/media?parent=17975"}],"curies":[{"name":"wp","href":"https:\/\/api.w.org\/{rel}","templated":true}]}}