{"id":18337,"date":"2026-03-12T21:24:14","date_gmt":"2026-03-12T20:24:14","guid":{"rendered":"https:\/\/lavoieduplaisir.com\/comment-choisir-un-massage-tantrique-en-belgique\/"},"modified":"2026-04-13T13:26:23","modified_gmt":"2026-04-13T11:26:23","slug":"comment-choisir-un-massage-tantrique-en-belgique","status":"publish","type":"page","link":"https:\/\/lavoieduplaisir.com\/en\/comment-choisir-un-massage-tantrique-en-belgique\/","title":{"rendered":"How to choose a tantric massage in Belgium?"},"content":{"rendered":"<p>[et_pb_section fb_built=&#8221;1&#8243; theme_builder_area=&#8221;post_content&#8221; _builder_version=&#8221;4.27.5&#8243; _module_preset=&#8221;default&#8221;][et_pb_row _builder_version=&#8221;4.27.5&#8243; _module_preset=&#8221;default&#8221; theme_builder_area=&#8221;post_content&#8221;][et_pb_column _builder_version=&#8221;4.27.5&#8243; _module_preset=&#8221;default&#8221; type=&#8221;4_4&#8243; theme_builder_area=&#8221;post_content&#8221;][et_pb_text _builder_version=&#8221;4.27.5&#8243; _module_preset=&#8221;default&#8221; theme_builder_area=&#8221;post_content&#8221; hover_enabled=&#8221;0&#8243; sticky_enabled=&#8221;0&#8243;]<\/p>\n<h1 data-section-id=\"fobhke\" data-start=\"3890\" data-end=\"3930\">Comment choisir un massage tantrique ?<\/h1>\n<p data-start=\"3932\" data-end=\"4074\">Le massage tantrique attire de plus en plus de personnes curieuses d\u2019explorer leur relation au corps, \u00e0 la sensualit\u00e9 et \u00e0 l\u2019\u00e9nergie sexuelle.<\/p>\n<p data-start=\"4076\" data-end=\"4192\">Mais toutes les pratiques ne se ressemblent pas. Certaine personne propose des massages tantriques uniquement bas\u00e9 sur l&#8217;\u00e9nergie du coeur, d&#8217;autre sur l&#8217;\u00e9nergie du feu (\u00e9nergie sexuel, massage \u00e9rotique, sensualit\u00e9). Dans notre centre de massage \u00e0 Li\u00e8ge, nous vous proposons le choix en fonction de ce que vous recherchez. La base de nos massages sont l&#8217;\u00e9nergie du coeur, et si vous le souhaitez et qu&#8217;elle se r\u00e9veille naturellement nous pouvons aussi vous accompagner dans votre \u00e9nergie du feu, sans aucune pr\u00e9ssion de performance ou de but. Vous pouvez en savoir plus sur <a href=\"https:\/\/lavoieduplaisir.com\/en\/massage-tantrique-a-liege-et-soin-energetique\/\">notre page d\u00e9di\u00e9 au massage tantrique \u00e0 Li\u00e8ge.<\/a><\/p>\n<p data-start=\"4076\" data-end=\"4192\"><br data-start=\"4124\" data-end=\"4127\" \/>Choisir un massage tantrique demande donc un peu de discernement. d\u00e9couvrez notre article : <a href=\"https:\/\/lavoieduplaisir.com\/comment-choisir-votre-praticien%c2%b7ne-de-massage-tantrique\/\">Comment trouver le ou la praticien\u00b7ne ad\u00e9quat\u00b7e pour un massage tantrique ?<\/a><\/p>\n<p data-start=\"5464\" data-end=\"5512\">\n<p>[\/et_pb_text][\/et_pb_column][\/et_pb_row][et_pb_row _builder_version=&#8221;4.27.5&#8243; _module_preset=&#8221;default&#8221; column_structure=&#8221;2_3,1_3&#8243; theme_builder_area=&#8221;post_content&#8221;][et_pb_column _builder_version=&#8221;4.27.5&#8243; _module_preset=&#8221;default&#8221; type=&#8221;2_3&#8243; theme_builder_area=&#8221;post_content&#8221;][et_pb_image src=&#8221;https:\/\/lavoieduplaisir.com\/wp-content\/uploads\/2026\/03\/Massage-intime-de-la-yoni-en-Belgique.jpg&#8221; _builder_version=&#8221;4.27.5&#8243; _module_preset=&#8221;default&#8221; theme_builder_area=&#8221;post_content&#8221; alt=&#8221;Comment choisir son massage tantrique \u00e0 Li\u00e8ge&#8221; title_text=&#8221;Comment choisir son massage tantrique \u00e0 Li\u00e8ge&#8221; hover_enabled=&#8221;0&#8243; sticky_enabled=&#8221;0&#8243;][\/et_pb_image][\/et_pb_column][et_pb_column _builder_version=&#8221;4.27.5&#8243; _module_preset=&#8221;default&#8221; type=&#8221;1_3&#8243; theme_builder_area=&#8221;post_content&#8221;][et_pb_image src=&#8221;https:\/\/lavoieduplaisir.com\/wp-content\/uploads\/2025\/03\/Decvouvrez-le-massage-tantra-en-province-de-Liege.jpg&#8221; _builder_version=&#8221;4.27.5&#8243; _module_preset=&#8221;default&#8221; theme_builder_area=&#8221;post_content&#8221; alt=&#8221;D\u00e9cvouvrez le massage tantra en province de Li\u00e8ge&#8221; title_text=&#8221;D\u00e9cvouvrez le massage tantra en province de Li\u00e8ge&#8221; hover_enabled=&#8221;0&#8243; sticky_enabled=&#8221;0&#8243;][\/et_pb_image][\/et_pb_column][\/et_pb_row][et_pb_row _builder_version=&#8221;4.27.5&#8243; _module_preset=&#8221;default&#8221; theme_builder_area=&#8221;post_content&#8221;][et_pb_column _builder_version=&#8221;4.27.5&#8243; _module_preset=&#8221;default&#8221; type=&#8221;4_4&#8243; theme_builder_area=&#8221;post_content&#8221;][et_pb_text _builder_version=&#8221;4.27.5&#8243; _module_preset=&#8221;default&#8221; theme_builder_area=&#8221;post_content&#8221; hover_enabled=&#8221;0&#8243; sticky_enabled=&#8221;0&#8243;]<\/p>\n<h2 data-section-id=\"1rf40op\" data-start=\"4194\" data-end=\"4230\">Comprendre ce que vous recherchez<\/h2>\n<p data-start=\"4232\" data-end=\"4267\">Certaines personnes viennent pour :<\/p>\n<ul data-start=\"4269\" data-end=\"4456\">\n<li data-section-id=\"13xubii\" data-start=\"4269\" data-end=\"4297\">\n<p data-start=\"4271\" data-end=\"4297\">se d\u00e9tendre profond\u00e9ment<\/p>\n<\/li>\n<li data-section-id=\"1hxlt9l\" data-start=\"4298\" data-end=\"4324\">\n<p data-start=\"4300\" data-end=\"4324\">explorer la sensualit\u00e9<\/p>\n<\/li>\n<li data-section-id=\"1bdcraf\" data-start=\"4325\" data-end=\"4370\">\n<p data-start=\"4327\" data-end=\"4370\">gu\u00e9rir des blessures li\u00e9es \u00e0 la sexualit\u00e9<\/p>\n<\/li>\n<li data-section-id=\"p1068g\" data-start=\"4371\" data-end=\"4406\">\n<p data-start=\"4373\" data-end=\"4406\">r\u00e9veiller leur \u00e9nergie sexuelle<\/p>\n<\/li>\n<li data-section-id=\"1lf3284\" data-start=\"4407\" data-end=\"4456\">\n<p data-start=\"4409\" data-end=\"4456\">vivre une exp\u00e9rience m\u00e9ditative dans le corps<\/p>\n<\/li>\n<\/ul>\n<p data-start=\"4458\" data-end=\"4537\">Clarifier votre intention vous aidera \u00e0 choisir l\u2019approche qui vous correspond.<\/p>\n<h2 data-section-id=\"1ggn6ax\" data-start=\"4539\" data-end=\"4567\">V\u00e9rifier le cadre propos\u00e9<\/h2>\n<p data-start=\"4569\" data-end=\"4633\">Un massage tantrique s\u00e9rieux repose toujours sur un cadre clair.<\/p>\n<p data-start=\"4635\" data-end=\"4686\">Avant de r\u00e9server, il est important de comprendre :<\/p>\n<ul data-start=\"4688\" data-end=\"4830\">\n<li data-section-id=\"lqkb0f\" data-start=\"4688\" data-end=\"4720\">\n<p data-start=\"4690\" data-end=\"4720\">comment se d\u00e9roule la s\u00e9ance<\/p>\n<\/li>\n<li data-section-id=\"ij50mm\" data-start=\"4721\" data-end=\"4756\">\n<p data-start=\"4723\" data-end=\"4756\">si un temps d\u2019\u00e9change est pr\u00e9vu<\/p>\n<\/li>\n<li data-section-id=\"gwopb4\" data-start=\"4757\" data-end=\"4785\">\n<p data-start=\"4759\" data-end=\"4785\">quelles sont les limites<\/p>\n<\/li>\n<li data-section-id=\"15qm2cs\" data-start=\"4786\" data-end=\"4830\">\n<p data-start=\"4788\" data-end=\"4830\">si le massage intime est possible ou non<\/p>\n<\/li>\n<\/ul>\n<p data-start=\"4832\" data-end=\"4881\">La transparence est un bon indicateur de s\u00e9rieux. Je vous invite \u00e0 d\u00e9couvrir cette page qui parle plus pr\u00e9cisement comment choisir son masseur tantrique et du <a href=\"https:\/\/lavoieduplaisir.com\/comment-choisir-votre-praticien%c2%b7ne-de-massage-tantrique\/#frame\">cadre<\/a> d&#8217;un massage tantrique \u00e0 la voie du plaisir :<\/p>\n<p><a href=\"https:\/\/lavoieduplaisir.com\/comment-choisir-votre-praticien%c2%b7ne-de-massage-tantrique\/\">Comment trouver le ou la praticien\u00b7ne ad\u00e9quat\u00b7e pour un massage tantrique ?<\/a><\/p>\n<h2 data-section-id=\"19oh8ng\" data-start=\"4883\" data-end=\"4914\">L\u2019importance du consentement<\/h2>\n<p data-start=\"4916\" data-end=\"4978\">Dans le tantra, le consentement n\u2019est pas seulement une r\u00e8gle.<\/p>\n<p data-start=\"4980\" data-end=\"5007\">C\u2019est une pratique vivante.<\/p>\n<p data-start=\"5009\" data-end=\"5055\">La personne qui re\u00e7oit doit toujours pouvoir :<\/p>\n<ul data-start=\"5057\" data-end=\"5109\">\n<li data-section-id=\"v5o7nl\" data-start=\"5057\" data-end=\"5069\">\n<p data-start=\"5059\" data-end=\"5069\">dire oui<\/p>\n<\/li>\n<li data-section-id=\"v6lqal\" data-start=\"5070\" data-end=\"5082\">\n<p data-start=\"5072\" data-end=\"5082\">dire non<\/p>\n<\/li>\n<li data-section-id=\"4balzh\" data-start=\"5083\" data-end=\"5109\">\n<p data-start=\"5085\" data-end=\"5109\">demander un ajustement<\/p>\n<\/li>\n<\/ul>\n<p data-start=\"5111\" data-end=\"5160\">Un bon accompagnement laisse toujours cet espace.<\/p>\n<p data-start=\"118\" data-end=\"345\">Un consentement est \u00e9tabli avant le massage. Durant la s\u00e9ance, ce consentement peut toujours \u00eatre ajust\u00e9 ou r\u00e9duit. Par exemple, vous pouvez dire \u00e0 tout moment que vous ne souhaitez plus recevoir une certaine partie du massage.<\/p>\n<p data-start=\"347\" data-end=\"625\">En revanche, le cadre ne peut pas \u00eatre \u00e9largi pendant la s\u00e9ance. Cela signifie que si quelque chose n\u2019avait pas \u00e9t\u00e9 pr\u00e9vu ou accept\u00e9 au d\u00e9but du massage, cela ne pourra pas \u00eatre ajout\u00e9 par la suite. Cela permet de pr\u00e9server un cadre clair, respectueux et s\u00e9curisant pour chacun.<\/p>\n<h2 data-section-id=\"ix501k\" data-start=\"5162\" data-end=\"5187\">Se fier \u00e0 son ressenti<\/h2>\n<p data-start=\"5189\" data-end=\"5256\">Le choix d\u2019un massage tantrique est aussi une question de ressenti.<\/p>\n<p data-start=\"5258\" data-end=\"5336\">Lorsque vous d\u00e9couvrez un lieu ou un masseur ou une masseuse, prenez un moment pour sentir :<\/p>\n<ul data-start=\"5338\" data-end=\"5462\">\n<li data-section-id=\"kolvdg\" data-start=\"5338\" data-end=\"5378\">\n<p data-start=\"5340\" data-end=\"5378\">si l\u2019approche vous inspire confiance<\/p>\n<\/li>\n<li data-section-id=\"14m0n8\" data-start=\"5379\" data-end=\"5413\">\n<p data-start=\"5381\" data-end=\"5413\">si le discours est respectueux<\/p>\n<\/li>\n<li data-section-id=\"16n879n\" data-start=\"5414\" data-end=\"5462\">\n<p data-start=\"5416\" data-end=\"5462\">si la sensualit\u00e9 est abord\u00e9e avec conscience<\/p>\n<\/li>\n<li data-section-id=\"16n879n\" data-start=\"5414\" data-end=\"5462\"><\/li>\n<\/ul>\n<p data-start=\"5416\" data-end=\"5462\"><a href=\"https:\/\/lavoieduplaisir.com\/les-tarifs-des-massages-tantriques-et-soins-energetiques\/\">Le prix d&#8217;un massage tantrique<\/a> peut \u00e9galement \u00eatre un indicateur.<\/p>\n<p data-start=\"481\" data-end=\"772\">Un massage tantrique demande souvent une vraie formation, de l\u2019exp\u00e9rience et une \u00e9thique professionnelle.<br data-start=\"586\" data-end=\"589\" \/>Si le prix est extr\u00eamement bas, cela peut parfois \u00eatre un signal d\u2019alerte indiquant que la personne n\u2019a peut-\u00eatre pas \u00e9t\u00e9 form\u00e9e ou ne travaille pas dans un cadre professionnel clair.<\/p>\n<p data-start=\"774\" data-end=\"820\">Il peut donc \u00eatre utile de se renseigner sur :<\/p>\n<ul data-start=\"822\" data-end=\"925\">\n<li data-section-id=\"1mrhzoo\" data-start=\"822\" data-end=\"852\">\n<p data-start=\"824\" data-end=\"852\">le parcours de la personne<\/p>\n<\/li>\n<li data-section-id=\"1lvi3qd\" data-start=\"853\" data-end=\"879\">\n<p data-start=\"855\" data-end=\"879\">son approche du tantra<\/p>\n<\/li>\n<li data-section-id=\"18seqq3\" data-start=\"880\" data-end=\"925\">\n<p data-start=\"882\" data-end=\"925\">le cadre qu\u2019elle propose pour les s\u00e9ances<\/p>\n<\/li>\n<\/ul>\n<p data-start=\"927\" data-end=\"1026\" data-is-last-node=\"\" data-is-only-node=\"\">Un accompagnement s\u00e9rieux prend soin autant de la qualit\u00e9 du toucher que du respect de la personne.<\/p>\n<p data-start=\"5464\" data-end=\"5512\">Votre intuition reste souvent le meilleur guide.<\/p>\n<p data-start=\"5464\" data-end=\"5512\"><a href=\"https:\/\/lavoieduplaisir.com\/en\/mon-equipe\/\">D\u00e9couvrez notre \u00e9quipe<\/a> ! Alors si vous voulez <a href=\"https:\/\/lavoieduplaisir.com\/en\/contact\/\">prendre rendez-vous cliquez ici !<\/a><\/p>\n<p data-start=\"5464\" data-end=\"5512\">\n<p>[\/et_pb_text][et_pb_button button_text=&#8221;Vous voulez en savoir encore plus ?&#8221; _builder_version=&#8221;4.27.5&#8243; _module_preset=&#8221;default&#8221; theme_builder_area=&#8221;post_content&#8221; button_url=&#8221;https:\/\/lavoieduplaisir.com\/massage-tantrique-a-liege-et-soin-energetique\/&#8221; hover_enabled=&#8221;0&#8243; sticky_enabled=&#8221;0&#8243;][\/et_pb_button][et_pb_image src=&#8221;https:\/\/lavoieduplaisir.com\/wp-content\/uploads\/2024\/09\/222A8652_Massage.jpg&#8221; _builder_version=&#8221;4.27.5&#8243; _module_preset=&#8221;default&#8221; theme_builder_area=&#8221;post_content&#8221; alt=&#8221;Le cadre d&#8217;un massage tantrique en Belgique&#8221; title_text=&#8221;Le cadre d&#8217;un massage tantrique en Belgique&#8221; hover_enabled=&#8221;0&#8243; sticky_enabled=&#8221;0&#8243;][\/et_pb_image][\/et_pb_column][\/et_pb_row][\/et_pb_section]<\/p>\n","protected":false},"excerpt":{"rendered":"<p>Comment choisir un massage tantrique ? Le massage tantrique attire de plus en plus de personnes curieuses d\u2019explorer leur relation au corps, \u00e0 la sensualit\u00e9 et \u00e0 l\u2019\u00e9nergie sexuelle. Mais toutes les pratiques ne se ressemblent pas. Certaine personne propose des massages tantriques uniquement bas\u00e9 sur l&#8217;\u00e9nergie du coeur, d&#8217;autre sur l&#8217;\u00e9nergie du feu (\u00e9nergie [&hellip;]<\/p>\n","protected":false},"author":1,"featured_media":0,"parent":0,"menu_order":0,"comment_status":"closed","ping_status":"closed","template":"","meta":{"_et_pb_use_builder":"on","_et_pb_old_content":"","_et_gb_content_width":"","footnotes":""},"class_list":["post-18337","page","type-page","status-publish","hentry"],"yoast_head":"<!-- This site is optimized with the Yoast SEO plugin v27.4 - https:\/\/yoast.com\/product\/yoast-seo-wordpress\/ -->\n<title>How to choose a tantric massage in Belgium? - La Voie du Plaisir<\/title>\n<meta name=\"description\" content=\"How to choose the tantric massage that&#039;s right for you? Discover the essential criteria: framework, intentions, limits, relationship of trust and quality of guidance.\" \/>\n<meta name=\"robots\" content=\"index, follow, max-snippet:-1, max-image-preview:large, max-video-preview:-1\" \/>\n<link rel=\"canonical\" href=\"https:\/\/lavoieduplaisir.com\/en\/comment-choisir-un-massage-tantrique-en-belgique\/\" \/>\n<meta property=\"og:locale\" content=\"en_US\" \/>\n<meta property=\"og:type\" content=\"article\" \/>\n<meta property=\"og:title\" content=\"How to choose a tantric massage in Belgium? - La Voie du Plaisir\" \/>\n<meta property=\"og:description\" content=\"How to choose the tantric massage that&#039;s right for you? Discover the essential criteria: framework, intentions, limits, relationship of trust and quality of guidance.\" \/>\n<meta property=\"og:url\" content=\"https:\/\/lavoieduplaisir.com\/en\/comment-choisir-un-massage-tantrique-en-belgique\/\" \/>\n<meta property=\"og:site_name\" content=\"La Voie du Plaisir\" \/>\n<meta property=\"article:publisher\" content=\"https:\/\/www.facebook.com\/tao.lavoieduplaisir\" \/>\n<meta property=\"article:modified_time\" content=\"2026-04-13T11:26:23+00:00\" \/>\n<meta name=\"twitter:card\" content=\"summary_large_image\" \/>\n<meta name=\"twitter:label1\" content=\"Est. reading time\" \/>\n\t<meta name=\"twitter:data1\" content=\"5 minutes\" \/>\n<script type=\"application\/ld+json\" class=\"yoast-schema-graph\">{\"@context\":\"https:\\\/\\\/schema.org\",\"@graph\":[{\"@type\":\"WebPage\",\"@id\":\"https:\\\/\\\/lavoieduplaisir.com\\\/en\\\/comment-choisir-un-massage-tantrique-en-belgique\\\/\",\"url\":\"https:\\\/\\\/lavoieduplaisir.com\\\/en\\\/comment-choisir-un-massage-tantrique-en-belgique\\\/\",\"name\":\"How to choose a tantric massage in Belgium? - La Voie du Plaisir\",\"isPartOf\":{\"@id\":\"https:\\\/\\\/lavoieduplaisir.com\\\/en\\\/#website\"},\"datePublished\":\"2026-03-12T20:24:14+00:00\",\"dateModified\":\"2026-04-13T11:26:23+00:00\",\"description\":\"How to choose the tantric massage that's right for you? Discover the essential criteria: framework, intentions, limits, relationship of trust and quality of guidance.\",\"breadcrumb\":{\"@id\":\"https:\\\/\\\/lavoieduplaisir.com\\\/en\\\/comment-choisir-un-massage-tantrique-en-belgique\\\/#breadcrumb\"},\"inLanguage\":\"en-US\",\"potentialAction\":[{\"@type\":\"ReadAction\",\"target\":[\"https:\\\/\\\/lavoieduplaisir.com\\\/en\\\/comment-choisir-un-massage-tantrique-en-belgique\\\/\"]}]},{\"@type\":\"BreadcrumbList\",\"@id\":\"https:\\\/\\\/lavoieduplaisir.com\\\/en\\\/comment-choisir-un-massage-tantrique-en-belgique\\\/#breadcrumb\",\"itemListElement\":[{\"@type\":\"ListItem\",\"position\":1,\"name\":\"Accueil\",\"item\":\"https:\\\/\\\/lavoieduplaisir.com\\\/en\\\/la-voie-du-plaisir-centre-de-massage-tantrique-a-liege-et-de-developpement-personnel-liege\\\/\"},{\"@type\":\"ListItem\",\"position\":2,\"name\":\"How to choose a tantric massage in Belgium?\"}]},{\"@type\":\"WebSite\",\"@id\":\"https:\\\/\\\/lavoieduplaisir.com\\\/en\\\/#website\",\"url\":\"https:\\\/\\\/lavoieduplaisir.com\\\/en\\\/\",\"name\":\"La Voie du Plaisir\",\"description\":\"Fais rayonner le plaisir qui est en toi\",\"potentialAction\":[{\"@type\":\"SearchAction\",\"target\":{\"@type\":\"EntryPoint\",\"urlTemplate\":\"https:\\\/\\\/lavoieduplaisir.com\\\/en\\\/?s={search_term_string}\"},\"query-input\":{\"@type\":\"PropertyValueSpecification\",\"valueRequired\":true,\"valueName\":\"search_term_string\"}}],\"inLanguage\":\"en-US\"}]}<\/script>\n<!-- \/ Yoast SEO plugin. -->","yoast_head_json":{"title":"How to choose a tantric massage in Belgium? - La Voie du Plaisir","description":"How to choose the tantric massage that's right for you? Discover the essential criteria: framework, intentions, limits, relationship of trust and quality of guidance.","robots":{"index":"index","follow":"follow","max-snippet":"max-snippet:-1","max-image-preview":"max-image-preview:large","max-video-preview":"max-video-preview:-1"},"canonical":"https:\/\/lavoieduplaisir.com\/en\/comment-choisir-un-massage-tantrique-en-belgique\/","og_locale":"en_US","og_type":"article","og_title":"How to choose a tantric massage in Belgium? - La Voie du Plaisir","og_description":"How to choose the tantric massage that's right for you? Discover the essential criteria: framework, intentions, limits, relationship of trust and quality of guidance.","og_url":"https:\/\/lavoieduplaisir.com\/en\/comment-choisir-un-massage-tantrique-en-belgique\/","og_site_name":"La Voie du Plaisir","article_publisher":"https:\/\/www.facebook.com\/tao.lavoieduplaisir","article_modified_time":"2026-04-13T11:26:23+00:00","twitter_card":"summary_large_image","twitter_misc":{"Est. reading time":"5 minutes"},"schema":{"@context":"https:\/\/schema.org","@graph":[{"@type":"WebPage","@id":"https:\/\/lavoieduplaisir.com\/en\/comment-choisir-un-massage-tantrique-en-belgique\/","url":"https:\/\/lavoieduplaisir.com\/en\/comment-choisir-un-massage-tantrique-en-belgique\/","name":"How to choose a tantric massage in Belgium? - La Voie du Plaisir","isPartOf":{"@id":"https:\/\/lavoieduplaisir.com\/en\/#website"},"datePublished":"2026-03-12T20:24:14+00:00","dateModified":"2026-04-13T11:26:23+00:00","description":"How to choose the tantric massage that's right for you? Discover the essential criteria: framework, intentions, limits, relationship of trust and quality of guidance.","breadcrumb":{"@id":"https:\/\/lavoieduplaisir.com\/en\/comment-choisir-un-massage-tantrique-en-belgique\/#breadcrumb"},"inLanguage":"en-US","potentialAction":[{"@type":"ReadAction","target":["https:\/\/lavoieduplaisir.com\/en\/comment-choisir-un-massage-tantrique-en-belgique\/"]}]},{"@type":"BreadcrumbList","@id":"https:\/\/lavoieduplaisir.com\/en\/comment-choisir-un-massage-tantrique-en-belgique\/#breadcrumb","itemListElement":[{"@type":"ListItem","position":1,"name":"Accueil","item":"https:\/\/lavoieduplaisir.com\/en\/la-voie-du-plaisir-centre-de-massage-tantrique-a-liege-et-de-developpement-personnel-liege\/"},{"@type":"ListItem","position":2,"name":"How to choose a tantric massage in Belgium?"}]},{"@type":"WebSite","@id":"https:\/\/lavoieduplaisir.com\/en\/#website","url":"https:\/\/lavoieduplaisir.com\/en\/","name":"La Voie du Plaisir","description":"Fais rayonner le plaisir qui est en toi","potentialAction":[{"@type":"SearchAction","target":{"@type":"EntryPoint","urlTemplate":"https:\/\/lavoieduplaisir.com\/en\/?s={search_term_string}"},"query-input":{"@type":"PropertyValueSpecification","valueRequired":true,"valueName":"search_term_string"}}],"inLanguage":"en-US"}]}},"_links":{"self":[{"href":"https:\/\/lavoieduplaisir.com\/en\/wp-json\/wp\/v2\/pages\/18337","targetHints":{"allow":["GET"]}}],"collection":[{"href":"https:\/\/lavoieduplaisir.com\/en\/wp-json\/wp\/v2\/pages"}],"about":[{"href":"https:\/\/lavoieduplaisir.com\/en\/wp-json\/wp\/v2\/types\/page"}],"author":[{"embeddable":true,"href":"https:\/\/lavoieduplaisir.com\/en\/wp-json\/wp\/v2\/users\/1"}],"replies":[{"embeddable":true,"href":"https:\/\/lavoieduplaisir.com\/en\/wp-json\/wp\/v2\/comments?post=18337"}],"version-history":[{"count":0,"href":"https:\/\/lavoieduplaisir.com\/en\/wp-json\/wp\/v2\/pages\/18337\/revisions"}],"wp:attachment":[{"href":"https:\/\/lavoieduplaisir.com\/en\/wp-json\/wp\/v2\/media?parent=18337"}],"curies":[{"name":"wp","href":"https:\/\/api.w.org\/{rel}","templated":true}]}}